{"id":999,"date":"2018-12-10T20:30:05","date_gmt":"2018-12-10T20:30:05","guid":{"rendered":"http:\/\/eunike.de\/?page_id=999"},"modified":"2020-09-21T03:33:59","modified_gmt":"2020-09-21T03:33:59","slug":"homerische-hymnen-demeter-und-das-brot-der-weisen","status":"publish","type":"page","link":"https:\/\/eunike.de\/?page_id=999","title":{"rendered":"Homerische Hymnen ~ Demeter und das Brot der Weisen"},"content":{"rendered":"\n<div class=\"wp-block-image\"><figure class=\"aligncenter size-large\"><img loading=\"lazy\" decoding=\"async\" width=\"675\" height=\"900\" src=\"https:\/\/eunike.de\/wp-content\/uploads\/2020\/08\/PERSEPHONE_2371-675x900.jpg\" alt=\"\" class=\"wp-image-1265\" srcset=\"https:\/\/eunike.de\/wp-content\/uploads\/2020\/08\/PERSEPHONE_2371-675x900.jpg 675w, https:\/\/eunike.de\/wp-content\/uploads\/2020\/08\/PERSEPHONE_2371-225x300.jpg 225w, https:\/\/eunike.de\/wp-content\/uploads\/2020\/08\/PERSEPHONE_2371-768x1024.jpg 768w, https:\/\/eunike.de\/wp-content\/uploads\/2020\/08\/PERSEPHONE_2371-1152x1536.jpg 1152w, https:\/\/eunike.de\/wp-content\/uploads\/2020\/08\/PERSEPHONE_2371.jpg 1500w\" sizes=\"auto, (max-width: 675px) 100vw, 675px\" \/><\/figure><\/div>\n\n\n<p>Literatur-Projekt von und mit Eunike Engelkind gef\u00f6rdert vom Kulturamt der LHS Stuttgart<\/p>\n<p><\/p>\n<p><em>\u201eSinge, o Muse, mir&#8230;\u201c<\/em> so beginnen die Lobeslieder Homers, die uns in eine Urzeit f\u00fchren, in welcher das menschliche Bewusstsein noch inniglich mit Natur und Gottheit verbunden war und der Mensch sich als Gef\u00e4\u00df empfand, in welches geistige M\u00e4chte hineinwirkten. Keine Phantasie im heutigen Sinne, sondern reale Erlebnisse legen uns Zeugnis davon ab. Kann dieser Nachklang uns, die wir uns abgetrennt f\u00fchlen von der Umwelt, der Natur, vielleicht auch helfen, uns um diese zu sorgen?<\/p>\n<p>Demeters Zorn \u00fcber den Raub Persephones lie\u00df K\u00e4lte und Dunkelheit \u00fcber die Menschheit kommen! Doch bes\u00e4nftigt durch ihrer Tochter R\u00fcckkehr erleben wir jeden Fr\u00fchling die Kraft der Wiedergeburt und die G\u00f6ttin der Ackerfrucht schenkt uns die Aufrichekraft der \u00c4hre, die zum Brote wird. Ein Sinnbild der Erkenntnis, welche die alten von Gott gegebenen Gaben der Menschheit abl\u00f6st durch selbst verantwortete T\u00e4tigkeit. So steht das Brot auch f\u00fcr die (Back)Kunst, die Nahrung, das Gebet, letztlich f\u00fcr den Kulturimpuls des gelebten Christentums der Br\u00fcderlichkeit, der Orient und Okzident zusammen f\u00fchren will.<\/p>\n<p>&#8212;Bleibt die Frage: Wo sind Demeter &amp; Co heute? Und wie wirken sie? &#8230;<\/p>\n<p>Das m\u00f6chte ich mit diesem Projekt an Sie herantragen!<\/p>","protected":false},"excerpt":{"rendered":"<p>Literatur-Projekt von und mit Eunike Engelkind gef\u00f6rdert vom Kulturamt der LHS Stuttgart \u201eSinge, o Muse, mir&#8230;\u201c so beginnen die Lobeslieder Homers, die uns in eine Urzeit f\u00fchren, in welcher das menschliche Bewusstsein noch inniglich mit Natur und Gottheit verbunden war und der Mensch sich als Gef\u00e4\u00df empfand, in welches geistige M\u00e4chte hineinwirkten. Keine Phantasie im [&hellip;]<\/p>\n","protected":false},"author":1,"featured_media":0,"parent":10,"menu_order":4,"comment_status":"closed","ping_status":"closed","template":"","meta":{"footnotes":""},"class_list":["post-999","page","type-page","status-publish","hentry"],"_links":{"self":[{"href":"https:\/\/eunike.de\/index.php?rest_route=\/wp\/v2\/pages\/999","targetHints":{"allow":["GET"]}}],"collection":[{"href":"https:\/\/eunike.de\/index.php?rest_route=\/wp\/v2\/pages"}],"about":[{"href":"https:\/\/eunike.de\/index.php?rest_route=\/wp\/v2\/types\/page"}],"author":[{"embeddable":true,"href":"https:\/\/eunike.de\/index.php?rest_route=\/wp\/v2\/users\/1"}],"replies":[{"embeddable":true,"href":"https:\/\/eunike.de\/index.php?rest_route=%2Fwp%2Fv2%2Fcomments&post=999"}],"version-history":[{"count":5,"href":"https:\/\/eunike.de\/index.php?rest_route=\/wp\/v2\/pages\/999\/revisions"}],"predecessor-version":[{"id":1285,"href":"https:\/\/eunike.de\/index.php?rest_route=\/wp\/v2\/pages\/999\/revisions\/1285"}],"up":[{"embeddable":true,"href":"https:\/\/eunike.de\/index.php?rest_route=\/wp\/v2\/pages\/10"}],"wp:attachment":[{"href":"https:\/\/eunike.de\/index.php?rest_route=%2Fwp%2Fv2%2Fmedia&parent=999"}],"curies":[{"name":"wp","href":"https:\/\/api.w.org\/{rel}","templated":true}]}}