{"id":931,"date":"2017-11-24T19:46:32","date_gmt":"2017-11-24T19:46:32","guid":{"rendered":"http:\/\/eunike.de\/?page_id=931"},"modified":"2019-11-04T14:50:46","modified_gmt":"2019-11-04T14:50:46","slug":"lav-ju-goethe-teil-i-die-wahlverwandtschaften","status":"publish","type":"page","link":"https:\/\/eunike.de\/?page_id=931","title":{"rendered":"Lav ju G\u00f6the Teil I ~ Die Wahlverwandtschaften"},"content":{"rendered":"<p><span style=\"color: #000080;\"><strong>Ein Literaturprojekt mit Elementen aus dem Schattentheater nach Johann Wolfgang von Goethe, neu verfasst von Eunike Engelkind<\/strong><\/span><\/p>\n<p><a href=\"https:\/\/eunike.de\/wp-content\/uploads\/2017\/11\/FarbkreisGoethe.jpg\"><img loading=\"lazy\" decoding=\"async\" class=\"size-medium wp-image-933 aligncenter\" src=\"https:\/\/eunike.de\/wp-content\/uploads\/2017\/11\/FarbkreisGoethe-300x281.jpg\" alt=\"\" width=\"300\" height=\"281\" srcset=\"https:\/\/eunike.de\/wp-content\/uploads\/2017\/11\/FarbkreisGoethe-300x281.jpg 300w, https:\/\/eunike.de\/wp-content\/uploads\/2017\/11\/FarbkreisGoethe.jpg 534w\" sizes=\"auto, (max-width: 300px) 100vw, 300px\" \/><\/a><\/p>\n<p><span style=\"color: #000080;\">Goethes 1810 erschienener Roman erz\u00e4hlt auf der Grundlage eines naturwissenschaftlichen Experiments von dem <strong>Ehepaar Charlotte &amp; Eduard<\/strong>, die auf ihrem malerischen Landsitz ihr wieder gefundenes Gl\u00fcck genie\u00dfen. W\u00e4hrend er B\u00e4ume veredelt, bahnt Charlotte neue Wege in den Au\u00dfenanlagen. Entgegen ihres gemeinsamen Entschlusses nur f\u00fcr sich zu leben, wagen sie den Versuch, also das Experiment: Es gesellen sich Eduards Jugendfreund der <strong>Hauptmann<\/strong> und Charlottes Nichte <strong>Ottilie<\/strong> hinzu. Doch die geradezu <strong>wahlverwandten Anziehungskr\u00e4fte<\/strong> zwischen den neu sich zusammen findenden Paaren setzen Leidenschaften und Leiden bringende Ereignisse frei, wodurch sie unwillk\u00fcrlich aus ihrer abgeschiedenen Idylle rausgerissen werden.<\/span><\/p>\n<p><span style=\"color: #000080;\">Goethe wirft mit seinem Werk die M\u00f6glichkeit zu Fragen auf, die mehr bieten als ein \u00fcbliches Beziehungsdrama mit den dazugeh\u00f6rigen Sehns\u00fcchten innerhalb gesellschaftlicher Konventionen. Es steht wie <strong><em>Wilhelm Meisters Wanderjahre<\/em><\/strong> ganz im Zeichen der <strong>Entsagung<\/strong> und wagt es neue Formen aufzugreifen. Und diesen Fragen und Formen m\u00f6chte ich mich stellen, da ich ein gro\u00dfes Potenzial darin f\u00fcr die Zukunft unserer Gesellschaft sehe. Denn im Gegensatz zu Elementarteilchen k\u00f6nnen wir unsere Entschl\u00fcsse selbst fassen.<\/span><\/p>\n<p><span style=\"color: #000080;\"><strong>Als Erz\u00e4hler<\/strong> -manchmal dabei in die Rollen schl\u00fcpfend- habe ich die M\u00f6glichkeit frei zu w\u00e4hlen, was ich von den Geschehnissen preisgeben m\u00f6chte. So kann ich ein Spannungsfeld aufbauen.<br \/>\n<\/span><\/p>\n<p><span style=\"color: #000080;\">Zur Hilfe kommen mir dabei <strong>Elemente aus dem Schattentheater<\/strong>, wo ich mit Experimenten aus <strong>Goethes Farbenlehre<\/strong> spiele, welche er parallel zu seinem Roman verfasst hat. So choreografiere ich atmosph\u00e4risch dichte Bilder, wage elegante kleine Albernheiten und \u00fcberrasche mit immer neuen Einf\u00e4llen.<\/span><\/p>\n<p><span style=\"color: #000080;\"><strong>Premiere<\/strong>: 20. M\u00e4rz 2018, Hegelhaus Stuttgart<\/span><br \/>\n<span style=\"color: #000080;\"> Weitere Auff\u00fchrungen geplant f\u00fcr Fr\u00fchjahr und Herbst 2019<\/span><\/p>\n<p><span style=\"color: #000080;\"> Gef\u00f6rdert vom Kulturamt der Landeshauptstadt Stuttgart<\/span><\/p>\n<p><a href=\"https:\/\/eunike.de\/wp-content\/uploads\/2015\/01\/Stuttgart-mit-Pferd.jpg\"><img loading=\"lazy\" decoding=\"async\" class=\"alignnone size-medium wp-image-371\" src=\"https:\/\/eunike.de\/wp-content\/uploads\/2015\/01\/Stuttgart-mit-Pferd-300x145.jpg\" alt=\"\" width=\"300\" height=\"145\" srcset=\"https:\/\/eunike.de\/wp-content\/uploads\/2015\/01\/Stuttgart-mit-Pferd-300x145.jpg 300w, https:\/\/eunike.de\/wp-content\/uploads\/2015\/01\/Stuttgart-mit-Pferd.jpg 683w\" sizes=\"auto, (max-width: 300px) 100vw, 300px\" \/><\/a><a href=\"https:\/\/eunike.de\/wp-content\/uploads\/2017\/01\/Logorad-2.png\"><img loading=\"lazy\" decoding=\"async\" class=\"alignnone wp-image-638\" src=\"https:\/\/eunike.de\/wp-content\/uploads\/2017\/01\/Logorad-2-295x300.png\" alt=\"\" width=\"210\" height=\"214\" srcset=\"https:\/\/eunike.de\/wp-content\/uploads\/2017\/01\/Logorad-2-295x300.png 295w, https:\/\/eunike.de\/wp-content\/uploads\/2017\/01\/Logorad-2.png 396w\" sizes=\"auto, (max-width: 210px) 100vw, 210px\" \/><\/a><\/p>\n","protected":false},"excerpt":{"rendered":"<p>Ein Literaturprojekt mit Elementen aus dem Schattentheater nach Johann Wolfgang von Goethe, neu verfasst von Eunike Engelkind Goethes 1810 erschienener Roman erz\u00e4hlt auf der Grundlage eines naturwissenschaftlichen Experiments von dem Ehepaar Charlotte &amp; Eduard, die auf ihrem malerischen Landsitz ihr wieder gefundenes Gl\u00fcck genie\u00dfen. W\u00e4hrend er B\u00e4ume veredelt, bahnt Charlotte neue Wege in den Au\u00dfenanlagen. [&hellip;]<\/p>\n","protected":false},"author":1,"featured_media":0,"parent":10,"menu_order":3,"comment_status":"closed","ping_status":"closed","template":"","meta":{"footnotes":""},"class_list":["post-931","page","type-page","status-publish","hentry"],"_links":{"self":[{"href":"https:\/\/eunike.de\/index.php?rest_route=\/wp\/v2\/pages\/931","targetHints":{"allow":["GET"]}}],"collection":[{"href":"https:\/\/eunike.de\/index.php?rest_route=\/wp\/v2\/pages"}],"about":[{"href":"https:\/\/eunike.de\/index.php?rest_route=\/wp\/v2\/types\/page"}],"author":[{"embeddable":true,"href":"https:\/\/eunike.de\/index.php?rest_route=\/wp\/v2\/users\/1"}],"replies":[{"embeddable":true,"href":"https:\/\/eunike.de\/index.php?rest_route=%2Fwp%2Fv2%2Fcomments&post=931"}],"version-history":[{"count":3,"href":"https:\/\/eunike.de\/index.php?rest_route=\/wp\/v2\/pages\/931\/revisions"}],"predecessor-version":[{"id":1122,"href":"https:\/\/eunike.de\/index.php?rest_route=\/wp\/v2\/pages\/931\/revisions\/1122"}],"up":[{"embeddable":true,"href":"https:\/\/eunike.de\/index.php?rest_route=\/wp\/v2\/pages\/10"}],"wp:attachment":[{"href":"https:\/\/eunike.de\/index.php?rest_route=%2Fwp%2Fv2%2Fmedia&parent=931"}],"curies":[{"name":"wp","href":"https:\/\/api.w.org\/{rel}","templated":true}]}}