{"id":587,"date":"2016-11-16T09:36:54","date_gmt":"2016-11-16T09:36:54","guid":{"rendered":"http:\/\/eunike.de\/?page_id=587"},"modified":"2019-11-07T12:00:29","modified_gmt":"2019-11-07T12:00:29","slug":"frida-kahlo-wozu-brauche-ich-fuesse-wenn-ich-fluegel-habe","status":"publish","type":"page","link":"https:\/\/eunike.de\/?page_id=587","title":{"rendered":"Frida Kahlo ~ Wozu brauche ich F\u00fc\u00dfe, wenn ich Fl\u00fcgel habe?"},"content":{"rendered":"<p><a href=\"https:\/\/eunike.de\/wp-content\/uploads\/2016\/11\/fridaportrait.jpg\"><img loading=\"lazy\" decoding=\"async\" class=\"alignnone size-medium wp-image-818\" src=\"https:\/\/eunike.de\/wp-content\/uploads\/2016\/11\/fridaportrait-257x300.jpg\" alt=\"\" width=\"257\" height=\"300\" srcset=\"https:\/\/eunike.de\/wp-content\/uploads\/2016\/11\/fridaportrait-257x300.jpg 257w, https:\/\/eunike.de\/wp-content\/uploads\/2016\/11\/fridaportrait.jpg 500w\" sizes=\"auto, (max-width: 257px) 100vw, 257px\" \/><\/a> <a href=\"https:\/\/eunike.de\/wp-content\/uploads\/2016\/11\/Frida-Dornenkranz.jpg\"><img loading=\"lazy\" decoding=\"async\" class=\"alignnone size-medium wp-image-817\" src=\"https:\/\/eunike.de\/wp-content\/uploads\/2016\/11\/Frida-Dornenkranz-224x300.jpg\" alt=\"\" width=\"224\" height=\"300\" srcset=\"https:\/\/eunike.de\/wp-content\/uploads\/2016\/11\/Frida-Dornenkranz-224x300.jpg 224w, https:\/\/eunike.de\/wp-content\/uploads\/2016\/11\/Frida-Dornenkranz-768x1028.jpg 768w, https:\/\/eunike.de\/wp-content\/uploads\/2016\/11\/Frida-Dornenkranz-765x1024.jpg 765w, https:\/\/eunike.de\/wp-content\/uploads\/2016\/11\/Frida-Dornenkranz.jpg 1908w\" sizes=\"auto, (max-width: 224px) 100vw, 224px\" \/><\/a><\/p>\n<p><span style=\"font-family: tahoma,arial,helvetica,sans-serif; font-size: 12pt; color: #333399;\"><strong>Mit ihren rebellischen Provokationen brach Frida Konventionen.<\/strong> Sie revolutionierte nicht nur Mexiko, sondern ganz unbescheiden gleich die ganze Welt! Durch ihre lebensbejahende Kompromisslosigkeit wurde sie zur Ikone der Frauenbewegung und zu einer ihrer wirkm\u00e4chtigen Stimmen.<\/span><\/p>\n<p><strong><span style=\"text-decoration: underline;\"><span style=\"color: #333399; font-family: tahoma,arial,helvetica,sans-serif; font-size: 12pt; text-decoration: underline;\">&#8222;Meine&#8220; Frida!<br \/>\n<\/span><\/span><\/strong><\/p>\n<p style=\"text-align: left;\"><span style=\"font-family: tahoma,arial,helvetica,sans-serif; font-size: 12pt; color: #333399;\">Was von Anfang an klar war: Ich werde mein eigenes St\u00fcck schreiben! Ich will mit eigenen Worten Fridas Leben malen und \u00fcber die Grenzen der Biographie hinaus f\u00fchren indem wir gemeinsam das indigene Mexiko entdecken. Mit dabei: Der aus <strong>Guadalajara Mexiko stammende Musiker Dr. Salvador Vazquez<\/strong> spielt einf\u00fchlsam auf der Gitarre um diese Reise noch eindr\u00fccklicher zu untermalen!<br \/>\n<\/span><\/p>\n<p><a href=\"https:\/\/eunike.de\/wp-content\/uploads\/2019\/10\/Frithea.jpg\"><img loading=\"lazy\" decoding=\"async\" class=\"aligncenter wp-image-1097 size-medium\" src=\"https:\/\/eunike.de\/wp-content\/uploads\/2019\/10\/Frithea-235x300.jpg\" alt=\"\" width=\"235\" height=\"300\" srcset=\"https:\/\/eunike.de\/wp-content\/uploads\/2019\/10\/Frithea-235x300.jpg 235w, https:\/\/eunike.de\/wp-content\/uploads\/2019\/10\/Frithea.jpg 651w\" sizes=\"auto, (max-width: 235px) 100vw, 235px\" \/><\/a><\/p>\n<p><strong><span style=\"color: #333399; font-family: tahoma,arial,helvetica,sans-serif; font-size: 12pt;\">Frida Kahlo war nicht grade Liebe auf den ersten Blick!\u00a0<\/span><\/strong><\/p>\n<p><span style=\"font-family: tahoma,arial,helvetica,sans-serif; font-size: 12pt; color: #333399;\">So wie sie in einen <strong>Busunfall<\/strong> geschleudert wurde, schleudert sie uns schonungslos ihre Selbstportraits entgegen. Sie f\u00fchren uns in die Abgr\u00fcnde der Weiblichkeit und geben preis, was f\u00fcr eine grenz\u00fcberschreitende Bedeutung Kahlos Schicksal innewohnt und dem, was sie daraus macht. Es l\u00e4sst den Betrachter unweigerlich zum mitf\u00fchlenden Teilnehmer werden, in dessen Spiegel es sich festsetzt.<\/span><br \/>\n<span style=\"font-family: tahoma,arial,helvetica,sans-serif; font-size: 12pt; color: #333399;\"> Eindringlich spricht aus allen Facetten ihres Lebens ihr leidenschaftliches Wesen: Ger\u00fcstet durch innere Kraft, Lebensgier und Sehnsucht nach Liebeserf\u00fcllung l\u00e4sst sie sich ihre Existenz nicht von k\u00f6rperlichen und emotionalen Qualen zerst\u00f6ren.\u00a0 Jedes scheinbare Scheitern ist Antrieb in jedem Moment dennoch sie selbst zu werden, neues Futter daf\u00fcr sich durch nichts davon abbringen zu lassen, dass sich ihr Bild in die Menschheitsgeschichte einschreibt.<\/span><\/p>\n<p><a href=\"https:\/\/eunike.de\/wp-content\/uploads\/2019\/11\/C2018K.Schaeffer__JKS3034sw.jpeg\"><img loading=\"lazy\" decoding=\"async\" class=\"size-medium wp-image-1130 aligncenter\" src=\"https:\/\/eunike.de\/wp-content\/uploads\/2019\/11\/C2018K.Schaeffer__JKS3034sw-199x300.jpeg\" alt=\"\" width=\"199\" height=\"300\" srcset=\"https:\/\/eunike.de\/wp-content\/uploads\/2019\/11\/C2018K.Schaeffer__JKS3034sw-199x300.jpeg 199w, https:\/\/eunike.de\/wp-content\/uploads\/2019\/11\/C2018K.Schaeffer__JKS3034sw-768x1158.jpeg 768w, https:\/\/eunike.de\/wp-content\/uploads\/2019\/11\/C2018K.Schaeffer__JKS3034sw-679x1024.jpeg 679w, https:\/\/eunike.de\/wp-content\/uploads\/2019\/11\/C2018K.Schaeffer__JKS3034sw.jpeg 849w\" sizes=\"auto, (max-width: 199px) 100vw, 199px\" \/><\/a><\/p>\n<p><span style=\"font-family: tahoma,arial,helvetica,sans-serif; font-size: 12pt; color: #333399;\"> Die Schicksalsbegegnung zwischen dem <strong>Maler Diego Rivera<\/strong> und Frida f\u00fchrt zu einer Verm\u00e4hlung im Zeichen der Kunst und der Leidenschaft. Diese Liebe wird ein Herzst\u00fcck ihres Werkes, das auch auf dieser Ebene Aufschluss \u00fcber ihr Leid gibt, hervorgegangen aus seinen Seitenspr\u00fcngen und ihrem unerf\u00fcllten Kinderwunsch.<\/span><\/p>\n<p><span style=\"font-family: tahoma,arial,helvetica,sans-serif; font-size: 12pt; color: #333399;\">Ihr enormer Wille immer aufzustehen, trotz aller k\u00f6rperlicher Schmerzen, inspiriert mich dazu Menschen auf ihrem Lebensweg zu motivieren in den Dialog mit sich selbst zu treten, unter widrigsten Umst\u00e4nden Chancen zu ergreifen und positiv nach vorne zu schauen um sich in der Welt zu engagieren.\u00a0<\/span><\/p>\n<p style=\"text-align: center;\"><a href=\"https:\/\/eunike.de\/wp-content\/uploads\/2017\/09\/DSC_0849.jpg\"><img loading=\"lazy\" decoding=\"async\" class=\"alignnone size-medium wp-image-885\" src=\"https:\/\/eunike.de\/wp-content\/uploads\/2017\/09\/DSC_0849-300x199.jpg\" alt=\"\" width=\"300\" height=\"199\" srcset=\"https:\/\/eunike.de\/wp-content\/uploads\/2017\/09\/DSC_0849-300x199.jpg 300w, https:\/\/eunike.de\/wp-content\/uploads\/2017\/09\/DSC_0849-768x509.jpg 768w, https:\/\/eunike.de\/wp-content\/uploads\/2017\/09\/DSC_0849-1024x678.jpg 1024w\" sizes=\"auto, (max-width: 300px) 100vw, 300px\" \/><\/a><\/p>\n<p><span style=\"color: #333399; font-family: tahoma,arial,helvetica,sans-serif;\">Mit diesem Unfall geht ihr lebenslanges Sterben seinen unaufh\u00f6rlichen Weg. Doch Frida will tanzen! Sie sagt: <strong>&#8222;Wer das Leid einmauert, riskiert, dass es ihn von innen auffrisst&#8220;!<\/strong><\/span><\/p>\n<p><span style=\"color: #333399; font-family: tahoma,arial,helvetica,sans-serif;\"><strong>Premiere: Do. 24. August 2017 Lapidarium, 120 Zuschauer<br \/>\nAuftritte fortlaufend, Anfragen willkommen!<br \/>\n<\/strong><\/span><\/p>\n<p><a href=\"https:\/\/eunike.de\/wp-content\/uploads\/2019\/11\/Frida-Exposee-2020.jpg\"><img loading=\"lazy\" decoding=\"async\" class=\"alignnone size-medium wp-image-1128\" src=\"https:\/\/eunike.de\/wp-content\/uploads\/2019\/11\/Frida-Exposee-2020-212x300.jpg\" alt=\"\" width=\"212\" height=\"300\" srcset=\"https:\/\/eunike.de\/wp-content\/uploads\/2019\/11\/Frida-Exposee-2020-212x300.jpg 212w, https:\/\/eunike.de\/wp-content\/uploads\/2019\/11\/Frida-Exposee-2020.jpg 598w\" sizes=\"auto, (max-width: 212px) 100vw, 212px\" \/><\/a><a href=\"https:\/\/eunike.de\/wp-content\/uploads\/2019\/11\/Frida-Expose-2020.pdf\">Frida Expose 2020<\/a><\/p>\n","protected":false},"excerpt":{"rendered":"<p>Mit ihren rebellischen Provokationen brach Frida Konventionen. Sie revolutionierte nicht nur Mexiko, sondern ganz unbescheiden gleich die ganze Welt! Durch ihre lebensbejahende Kompromisslosigkeit wurde sie zur Ikone der Frauenbewegung und zu einer ihrer wirkm\u00e4chtigen Stimmen. &#8222;Meine&#8220; Frida! Was von Anfang an klar war: Ich werde mein eigenes St\u00fcck schreiben! Ich will mit eigenen Worten Fridas [&hellip;]<\/p>\n","protected":false},"author":1,"featured_media":0,"parent":10,"menu_order":1,"comment_status":"closed","ping_status":"closed","template":"","meta":{"footnotes":""},"class_list":["post-587","page","type-page","status-publish","hentry"],"_links":{"self":[{"href":"https:\/\/eunike.de\/index.php?rest_route=\/wp\/v2\/pages\/587","targetHints":{"allow":["GET"]}}],"collection":[{"href":"https:\/\/eunike.de\/index.php?rest_route=\/wp\/v2\/pages"}],"about":[{"href":"https:\/\/eunike.de\/index.php?rest_route=\/wp\/v2\/types\/page"}],"author":[{"embeddable":true,"href":"https:\/\/eunike.de\/index.php?rest_route=\/wp\/v2\/users\/1"}],"replies":[{"embeddable":true,"href":"https:\/\/eunike.de\/index.php?rest_route=%2Fwp%2Fv2%2Fcomments&post=587"}],"version-history":[{"count":8,"href":"https:\/\/eunike.de\/index.php?rest_route=\/wp\/v2\/pages\/587\/revisions"}],"predecessor-version":[{"id":1131,"href":"https:\/\/eunike.de\/index.php?rest_route=\/wp\/v2\/pages\/587\/revisions\/1131"}],"up":[{"embeddable":true,"href":"https:\/\/eunike.de\/index.php?rest_route=\/wp\/v2\/pages\/10"}],"wp:attachment":[{"href":"https:\/\/eunike.de\/index.php?rest_route=%2Fwp%2Fv2%2Fmedia&parent=587"}],"curies":[{"name":"wp","href":"https:\/\/api.w.org\/{rel}","templated":true}]}}