{"id":358,"date":"2014-12-12T20:39:16","date_gmt":"2014-12-12T20:39:16","guid":{"rendered":"http:\/\/eunike.de\/?page_id=358"},"modified":"2026-03-24T14:30:56","modified_gmt":"2026-03-24T14:30:56","slug":"buchungsanfragen","status":"publish","type":"page","link":"https:\/\/eunike.de\/?page_id=358","title":{"rendered":"Kontakt"},"content":{"rendered":"<p style=\"text-align: justify;\"><span style=\"color: #333399;\">Ich freue mich sehr \u00fcber jede konkrete Buchungsanfrage<\/span><span style=\"color: #333399;\"> f\u00fcr <strong>Gastspiele<\/strong> !<\/span><\/p>\n<p><span style=\"color: #333399;\">Meine Programme sind mit <strong>geringem Aufwand \u00fcberall spielbar<\/strong> &#8211; auf kleinen und auch auf gr\u00f6\u00dferen B\u00fchnen, als auch auf ebener Fl\u00e4che ohne B\u00fchne! Ich habe schon anl\u00e4sslich einer Jubil\u00e4umsfeier in der Gastst\u00e4tte einer Burg auf einer Holzpalette gespielt, als auch in gro\u00dfen S\u00e4len f\u00fcr 300 Zuschauer &#8211; und zwar stimmlich gut &amp; deutlich h\u00f6rbar! Ans\u00e4ssig in Stuttgart, Freiburg und Frankfurt, kann ich in den deutschsprachigen Raum inklusive der Schweiz reisen und Sie beehren &#8211; umweltredundlich mit der Bahn und Klapprad!<\/span><br \/>\n<span style=\"color: #333399;\">Das Einzige, <strong>was ich in der Regel brauche<\/strong>:<\/span><br \/>\n<span style=\"color: #333399;\">&#8211; einfache Beleuchtung (keine Extraw\u00fcnsche!)<\/span><br \/>\n<span style=\"color: #333399;\">&#8211; einen Hocker\/Stuhl\/Sessel\/Couch \/Notenst\u00e4nder &#8211; es sei denn, eine charmante Chaiselongue ist vorhanden!<br \/>\n&#8211; B\u00fcgeleisen<\/span><br \/>\n<span style=\"color: #333399;\">&#8211; <strong>Sie als Ansprechpartner!<br \/>\n<\/strong><\/span><\/p>\n<p><span style=\"color: #333399;\">Meine Programme dauern ca.60-75 Minunten<\/span><br \/>\n<span style=\"color: #333399;\">sind geeignet f\u00fcr z.b. Festlichkeiten, Matinees, Abendveranstaltungen, Sch\u00fcler, Senioren, Menschen mit Freude an humoristischen Geistesblitzen!<\/span><\/p>\n<p>W\u00fcnschen Sie eine Lesung?<br \/>\nOder w\u00fcnschen Sie musikalische Begleitung?<br \/>\nAuch dem komme ich gerne nach!<\/p>\n<p>Kontakt &amp; Impressum:<br \/>\n<span style=\"color: #333399;\"> Eunike Engelkind<\/span><br \/>\n<span style=\"color: #333399;\"> Telefon bitte via E-Mail erfragen!<br \/>\nAm liebsten bin ich \u00fcber Mail erreichbar.<\/span><br \/>\n<span style=\"color: #333399;\"> email-Kontakt: eunike[at]eunike.de<\/span><\/p>\n","protected":false},"excerpt":{"rendered":"<p>Ich freue mich sehr \u00fcber jede konkrete Buchungsanfrage f\u00fcr Gastspiele ! Meine Programme sind mit geringem Aufwand \u00fcberall spielbar &#8211; auf kleinen und auch auf gr\u00f6\u00dferen B\u00fchnen, als auch auf ebener Fl\u00e4che ohne B\u00fchne! Ich habe schon anl\u00e4sslich einer Jubil\u00e4umsfeier in der Gastst\u00e4tte einer Burg auf einer Holzpalette gespielt, als auch in gro\u00dfen S\u00e4len f\u00fcr [&hellip;]<\/p>\n","protected":false},"author":1,"featured_media":0,"parent":0,"menu_order":6,"comment_status":"closed","ping_status":"closed","template":"","meta":{"footnotes":""},"class_list":["post-358","page","type-page","status-publish","hentry"],"_links":{"self":[{"href":"https:\/\/eunike.de\/index.php?rest_route=\/wp\/v2\/pages\/358","targetHints":{"allow":["GET"]}}],"collection":[{"href":"https:\/\/eunike.de\/index.php?rest_route=\/wp\/v2\/pages"}],"about":[{"href":"https:\/\/eunike.de\/index.php?rest_route=\/wp\/v2\/types\/page"}],"author":[{"embeddable":true,"href":"https:\/\/eunike.de\/index.php?rest_route=\/wp\/v2\/users\/1"}],"replies":[{"embeddable":true,"href":"https:\/\/eunike.de\/index.php?rest_route=%2Fwp%2Fv2%2Fcomments&post=358"}],"version-history":[{"count":9,"href":"https:\/\/eunike.de\/index.php?rest_route=\/wp\/v2\/pages\/358\/revisions"}],"predecessor-version":[{"id":1859,"href":"https:\/\/eunike.de\/index.php?rest_route=\/wp\/v2\/pages\/358\/revisions\/1859"}],"wp:attachment":[{"href":"https:\/\/eunike.de\/index.php?rest_route=%2Fwp%2Fv2%2Fmedia&parent=358"}],"curies":[{"name":"wp","href":"https:\/\/api.w.org\/{rel}","templated":true}]}}