{"id":347,"date":"2014-12-10T15:11:05","date_gmt":"2014-12-10T15:11:05","guid":{"rendered":"http:\/\/eunike.de\/?page_id=347"},"modified":"2017-05-27T21:53:40","modified_gmt":"2017-05-27T21:53:40","slug":"jeanne-sophie-1412-1943","status":"publish","type":"page","link":"https:\/\/eunike.de\/?page_id=347","title":{"rendered":"Jeanne-Sophie 1412-1943"},"content":{"rendered":"<div id=\"ez-toc-container\" class=\"ez-toc-v2_0_82_2 counter-hierarchy ez-toc-counter ez-toc-grey ez-toc-container-direction\">\n<div class=\"ez-toc-title-container\">\n<p class=\"ez-toc-title\" style=\"cursor:inherit\">Table of Contents<\/p>\n<span class=\"ez-toc-title-toggle\"><a href=\"#\" class=\"ez-toc-pull-right ez-toc-btn ez-toc-btn-xs ez-toc-btn-default ez-toc-toggle\" aria-label=\"Toggle Table of Content\"><span class=\"ez-toc-js-icon-con\"><span class=\"\"><span class=\"eztoc-hide\" style=\"display:none;\">Toggle<\/span><span class=\"ez-toc-icon-toggle-span\"><svg style=\"fill: #999;color:#999\" xmlns=\"http:\/\/www.w3.org\/2000\/svg\" class=\"list-377408\" width=\"20px\" height=\"20px\" viewBox=\"0 0 24 24\" fill=\"none\"><path d=\"M6 6H4v2h2V6zm14 0H8v2h12V6zM4 11h2v2H4v-2zm16 0H8v2h12v-2zM4 16h2v2H4v-2zm16 0H8v2h12v-2z\" fill=\"currentColor\"><\/path><\/svg><svg style=\"fill: #999;color:#999\" class=\"arrow-unsorted-368013\" xmlns=\"http:\/\/www.w3.org\/2000\/svg\" width=\"10px\" height=\"10px\" viewBox=\"0 0 24 24\" version=\"1.2\" baseProfile=\"tiny\"><path d=\"M18.2 9.3l-6.2-6.3-6.2 6.3c-.2.2-.3.4-.3.7s.1.5.3.7c.2.2.4.3.7.3h11c.3 0 .5-.1.7-.3.2-.2.3-.5.3-.7s-.1-.5-.3-.7zM5.8 14.7l6.2 6.3 6.2-6.3c.2-.2.3-.5.3-.7s-.1-.5-.3-.7c-.2-.2-.4-.3-.7-.3h-11c-.3 0-.5.1-.7.3-.2.2-.3.5-.3.7s.1.5.3.7z\"\/><\/svg><\/span><\/span><\/span><\/a><\/span><\/div>\n<nav><ul class='ez-toc-list ez-toc-list-level-1 ' ><ul class='ez-toc-list-level-3' ><li class='ez-toc-heading-level-3'><a class=\"ez-toc-link ez-toc-heading-1\" href=\"https:\/\/eunike.de\/?page_id=347\/#Ein_Literatur-Spiel_geschrieben_und_gespielt_von_Eunike_Engelkind\" >Ein Literatur-Spiel geschrieben und gespielt von Eunike Engelkind<\/a><\/li><\/ul><\/li><li class='ez-toc-page-1 ez-toc-heading-level-2'><a class=\"ez-toc-link ez-toc-heading-2\" href=\"https:\/\/eunike.de\/?page_id=347\/#Jeanne_D%C2%B4Arc_und_Sophie_Scholl\" >Jeanne D\u00b4Arc und Sophie Scholl<\/a><ul class='ez-toc-list-level-3' ><li class='ez-toc-heading-level-3'><a class=\"ez-toc-link ez-toc-heading-3\" href=\"https:\/\/eunike.de\/?page_id=347\/#%E2%80%93_Es_gibt_einen_gemeinsamen_Nenner_Die_innere_Stimme_die_Kraft_des_Gewissensschwertes_unerhoerte_Pforten_zu_erschliessen\" >\u2013 Es gibt einen gemeinsamen Nenner: \n Die innere Stimme, die Kraft des Gewissensschwertes, unerh\u00f6rte Pforten zu erschlie\u00dfen.<\/a><\/li><\/ul><\/li><\/ul><\/nav><\/div>\n<h3 class=\"entry-content\"><span class=\"ez-toc-section\" id=\"Ein_Literatur-Spiel_geschrieben_und_gespielt_von_Eunike_Engelkind\"><\/span><span style=\"color: #333399;\">Ein Literatur-Spiel geschrieben und gespielt von Eunike Engelkind <\/span><span class=\"ez-toc-section-end\"><\/span><\/h3>\n<h2 class=\"entry-content\"><span class=\"ez-toc-section\" id=\"Jeanne_D%C2%B4Arc_und_Sophie_Scholl\"><\/span><span style=\"text-decoration: underline;\"><span style=\"color: #333399; text-decoration: underline;\">Jeanne D\u00b4Arc und Sophie Scholl <\/span><\/span><span class=\"ez-toc-section-end\"><\/span><\/h2>\n<h3 class=\"entry-content\"><span class=\"ez-toc-section\" id=\"%E2%80%93_Es_gibt_einen_gemeinsamen_Nenner_Die_innere_Stimme_die_Kraft_des_Gewissensschwertes_unerhoerte_Pforten_zu_erschliessen\"><\/span><span style=\"color: #333399;\">\u2013 Es gibt einen gemeinsamen Nenner:<\/span><br \/>\n<span style=\"color: #333399;\"> Die innere Stimme, die Kraft des Gewissensschwertes, unerh\u00f6rte Pforten zu erschlie\u00dfen.<\/span><span class=\"ez-toc-section-end\"><\/span><\/h3>\n<p>&nbsp;<\/p>\n<p><em>\u201eUnsere Idee wird weiter leben, aber wir m\u00fcssen vorher daf\u00fcr sterben\u201c<\/em> waren Worte Sophie Scholls am Morgen ihres Todes. Wer so spricht, wei\u00df, dass es am Denkwillen liegt, ins Handeln zu kommen. Immer wieder sagten sie und ihre Freunde, dass es ihre Gewissensstimme ist, die sie so handeln lie\u00df, bis es schlie\u00dflich\u00a0zur Festnahme kommen musste. Mein Anliegen ist es, einerseits selbst in diesen Prozess mit einzusteigen und mitzudenken, andererseits wie diese Idee weiter gelebt und gedacht werden kann. Wie kann ich dies k\u00fcnstlerisch gestalten und zum Ausdruck bringen, damit dieses Erbe der Wei\u00dfen Rose Kultur wird, wirklich kultiviert wird. Und dazu geh\u00f6rt auch das J\u00e4ten des Unkrauts zum Gedeihen mit dazu!<\/p>\n<p>Jeanne d\u00b4Arc lebte in einer v\u00f6llig anderen Zeitsituation. Sie h\u00f6rte Stimmen Heilger. War sie dann trotzdem frei in ihrem Tun?\u00a0Doch sie folgte diesen Stimmen in freier Selbstbestimmung, im Einklang ihres Ichs den Auftrag Gottes in die Tat umzusetzen, Frankreich von den Engl\u00e4ndern zu befreien. So schritt sie mit der wehenden Fahne in der Hand den Soldaten voran.<\/p>\n<p>Um dieses Programm zu schreiben, habe ich mich im Sommer vergangenen Jahres 2014\u00a0auf die Spuren Jeanne d\u00b4Arcs begeben, und bin durch Frankreich getrampt, was eine tolle Erfahrung war. Durch diese Reise mit dem Daumen, konnte die Reise mit dem Zeigefinger am Stift auf das Papier umso besser gelingen, um zum Ausdruck bringen, wie sich ein junger Mensch auf die Reise nach der eigenen Stimme begibt.<\/p>\n<p>Gerne m\u00f6chte ich mich vor allem bei der <strong>Stadt Stuttgart bedanken<\/strong>, welche die Realisierung dieses Projektes gef\u00f6rdert hat. Und meinen besten Dank auch an Jens Schlagenhauf richten, dessen lyrisches Einf\u00fchlungsverm\u00f6gen dem Ganzen noch einen besonderen Schliff gegeben hat.<\/p>\n","protected":false},"excerpt":{"rendered":"<p>Ein Literatur-Spiel geschrieben und gespielt von Eunike Engelkind Jeanne D\u00b4Arc und Sophie Scholl \u2013 Es gibt einen gemeinsamen Nenner: Die innere Stimme, die Kraft des Gewissensschwertes, unerh\u00f6rte Pforten zu erschlie\u00dfen. &nbsp; \u201eUnsere Idee wird weiter leben, aber wir m\u00fcssen vorher daf\u00fcr sterben\u201c waren Worte Sophie Scholls am Morgen ihres Todes. Wer so spricht, wei\u00df, dass [&hellip;]<\/p>\n","protected":false},"author":1,"featured_media":0,"parent":10,"menu_order":0,"comment_status":"closed","ping_status":"closed","template":"","meta":{"footnotes":""},"class_list":["post-347","page","type-page","status-publish","hentry"],"_links":{"self":[{"href":"https:\/\/eunike.de\/index.php?rest_route=\/wp\/v2\/pages\/347","targetHints":{"allow":["GET"]}}],"collection":[{"href":"https:\/\/eunike.de\/index.php?rest_route=\/wp\/v2\/pages"}],"about":[{"href":"https:\/\/eunike.de\/index.php?rest_route=\/wp\/v2\/types\/page"}],"author":[{"embeddable":true,"href":"https:\/\/eunike.de\/index.php?rest_route=\/wp\/v2\/users\/1"}],"replies":[{"embeddable":true,"href":"https:\/\/eunike.de\/index.php?rest_route=%2Fwp%2Fv2%2Fcomments&post=347"}],"version-history":[{"count":5,"href":"https:\/\/eunike.de\/index.php?rest_route=\/wp\/v2\/pages\/347\/revisions"}],"predecessor-version":[{"id":838,"href":"https:\/\/eunike.de\/index.php?rest_route=\/wp\/v2\/pages\/347\/revisions\/838"}],"up":[{"embeddable":true,"href":"https:\/\/eunike.de\/index.php?rest_route=\/wp\/v2\/pages\/10"}],"wp:attachment":[{"href":"https:\/\/eunike.de\/index.php?rest_route=%2Fwp%2Fv2%2Fmedia&parent=347"}],"curies":[{"name":"wp","href":"https:\/\/api.w.org\/{rel}","templated":true}]}}