{"id":345,"date":"2014-12-10T15:05:55","date_gmt":"2014-12-10T15:05:55","guid":{"rendered":"http:\/\/eunike.de\/?page_id=345"},"modified":"2019-11-07T12:00:44","modified_gmt":"2019-11-07T12:00:44","slug":"minna-von-barnhelm","status":"publish","type":"page","link":"https:\/\/eunike.de\/?page_id=345","title":{"rendered":"Der Widerspenstigen Z\u00e4hmung"},"content":{"rendered":"<p><a href=\"https:\/\/eunike.de\/wp-content\/uploads\/2014\/12\/14-taffe-frauen-der-geschichte-41.jpg\"><img loading=\"lazy\" decoding=\"async\" class=\"size-medium wp-image-434 aligncenter\" src=\"https:\/\/eunike.de\/wp-content\/uploads\/2014\/12\/14-taffe-frauen-der-geschichte-41-230x300.jpg\" alt=\"14-taffe-frauen-der-geschichte-41\" width=\"230\" height=\"300\" srcset=\"https:\/\/eunike.de\/wp-content\/uploads\/2014\/12\/14-taffe-frauen-der-geschichte-41-230x300.jpg 230w, https:\/\/eunike.de\/wp-content\/uploads\/2014\/12\/14-taffe-frauen-der-geschichte-41.jpg 650w\" sizes=\"auto, (max-width: 230px) 100vw, 230px\" \/><\/a><\/p>\n<p><a href=\"https:\/\/eunike.de\/wp-content\/uploads\/2016\/02\/Die-wiederspenstige-Z\u00e4hmung-Eunike-2.jpg\" rel=\"attachment wp-att-492\"><img loading=\"lazy\" decoding=\"async\" class=\"size-medium wp-image-492 aligncenter\" src=\"https:\/\/eunike.de\/wp-content\/uploads\/2016\/02\/Die-wiederspenstige-Z\u00e4hmung-Eunike-2-214x300.jpg\" alt=\"Die wiederspenstige Z\u00e4hmung Eunike\" width=\"214\" height=\"300\" srcset=\"https:\/\/eunike.de\/wp-content\/uploads\/2016\/02\/Die-wiederspenstige-Z\u00e4hmung-Eunike-2-214x300.jpg 214w, https:\/\/eunike.de\/wp-content\/uploads\/2016\/02\/Die-wiederspenstige-Z\u00e4hmung-Eunike-2-768x1078.jpg 768w, https:\/\/eunike.de\/wp-content\/uploads\/2016\/02\/Die-wiederspenstige-Z\u00e4hmung-Eunike-2-730x1024.jpg 730w, https:\/\/eunike.de\/wp-content\/uploads\/2016\/02\/Die-wiederspenstige-Z\u00e4hmung-Eunike-2.jpg 1521w\" sizes=\"auto, (max-width: 214px) 100vw, 214px\" \/><\/a><\/p>\n<p><span style=\"color: #000080;\"><strong>Eine Kom\u00f6die nach William Shakespeare und Hermann Goetz<\/strong><\/span><\/p>\n<p><span style=\"color: #000080;\"><strong>Neu verfasst von und mit Eunike Engelkind in acht Rollen &#8211; nicht nur als Widerspenstige!!!<\/strong><\/span><\/p>\n<p><span style=\"color: #000080;\"><strong>Italien im 16.Jhd: Ganz Padua ist der sch\u00f6nen Bianca verfallen. Doch ihr Vater<\/strong> <strong>fordert, dass erst ihre \u00e4ltere Schwester Katharina an den Mann gebracht wird! Wie gut, dass der abgebr\u00fchte Petruchio, dem kein zahmes T\u00e4ubchen zur<\/strong> <strong>Braut taugt, um die Gunst der feurigen Sch\u00f6nheit werben will, was letztlich<\/strong> <strong>zum Supergau Ehe eskaliert. &#8211; Ein grandioser Spa\u00df, in dem die Fetzen fliegen und<\/strong> <strong>die Funken spr\u00fchen. Na dann mal Ring frei!!!<br \/>\n<\/strong><\/span><\/p>\n<p><span style=\"color: #000080;\"><strong><u>Meine Bearbeitung<\/u><\/strong><\/span><\/p>\n<p><span style=\"color: #000080;\"><strong>Auf der Suche nach einer f\u00fcr mich passenden <\/strong><strong>\u00dcbersetzung Shakespeares \u201eThe Taming of the Shrew\u201c<\/strong><strong> habe ich vier derer durchgelesen und bin letztlich auf das <\/strong><strong>Libretto von Hermann Goetz<\/strong><\/span><strong><span style=\"color: #000080;\"> f\u00fcr die dazugeh\u00f6rige Operette gesto\u00dfen. Der wunderbare Humor dieser Bearbeitung als auch die Interpretation einer Liebe zwischen zwei Raufbolden, die doch quasi wie f\u00fcr einander bestimmt sind, haben mich eindeutig \u00fcberzeugt mich in den Ring hinein zu begeben! Bildet dieses Libretto die Grundlage, wird es erg\u00e4nzt durch viele weitere Texte, sowohl von Shakespeare, Goethe und Schiller als auch meine Worte, die \u00fcbrigens nicht auf Selbsterfahrung beruhen &#8211; zumindest noch nicht! \ud83d\ude09<br \/>\n<\/span><\/strong><\/p>\n<p><span style=\"color: #000080;\"><strong>Meine anf\u00e4ngliche Sorge den fliegenden Rollenwechsel f\u00fcr meine Zuschauer transparent zu machen, hat sich verfl\u00fcchtigt, da es mir mit Freuden gelingt mich in die Charaktere hinein zu versetzen, sie dergestalt so zu spielen, dass man einfach lachen muss!<\/strong><\/span><\/p>\n<p><span style=\"color: #000080;\"><span style=\"text-decoration: underline;\"><strong>Erstauff\u00fchrung:<\/strong><\/span> <strong>27. August 2015, Lahnstein <\/strong><strong>Dauer:<\/strong> <strong>ca. 65min.<\/strong><\/span><\/p>\n<p><span style=\"color: #000080;\"><span style=\"text-decoration: underline;\"><strong>Requisiten:<\/strong><\/span> <strong>werden mitgebracht, <\/strong><strong>Beleuchtung:<\/strong><strong> Standlicht<\/strong><\/span><\/p>\n<p><span style=\"color: #000080;\"><span style=\"text-decoration: underline;\"><strong>Zuschauer:<\/strong><\/span> <strong>ab 16 geeignet<br \/>\n<\/strong><\/span><\/p>\n<p><span style=\"color: #000080;\"><span style=\"text-decoration: underline;\"><strong>Wiederauff\u00fchrung:<\/strong><\/span><strong> jederzeit<\/strong><\/span><\/p>\n<p>Pressestimmen: <a href=\"http:\/\/www.verlagshaus-jaumann.de\/inhalt.schopfheim-die-stolze-mit-dem-nudelholze.16de2038-913d-4dd3-88b0-175907877eb7.html\" target=\"_blank\" rel=\"noopener noreferrer\">S\u00fcdkurier<\/a><br \/>\nhttp:\/\/www.verlagshaus-jaumann.de\/inhalt.schopfheim-die-stolze-mit-dem-nudelholze.16de2038-913d-4dd3-88b0-175907877eb7.html<\/p>\n<p><a href=\"http:\/\/www.badische-zeitung.de\/schopfheim\/williams-hitziger-geschlechterkampf--117866333.html\" target=\"_blank\" rel=\"noopener noreferrer\">Badische Zeitung<\/a>, 18.2. 2016<\/p>\n","protected":false},"excerpt":{"rendered":"<p>Eine Kom\u00f6die nach William Shakespeare und Hermann Goetz Neu verfasst von und mit Eunike Engelkind in acht Rollen &#8211; nicht nur als Widerspenstige!!! Italien im 16.Jhd: Ganz Padua ist der sch\u00f6nen Bianca verfallen. Doch ihr Vater fordert, dass erst ihre \u00e4ltere Schwester Katharina an den Mann gebracht wird! Wie gut, dass der abgebr\u00fchte Petruchio, dem [&hellip;]<\/p>\n","protected":false},"author":1,"featured_media":0,"parent":10,"menu_order":3,"comment_status":"closed","ping_status":"closed","template":"","meta":{"footnotes":""},"class_list":["post-345","page","type-page","status-publish","hentry"],"_links":{"self":[{"href":"https:\/\/eunike.de\/index.php?rest_route=\/wp\/v2\/pages\/345","targetHints":{"allow":["GET"]}}],"collection":[{"href":"https:\/\/eunike.de\/index.php?rest_route=\/wp\/v2\/pages"}],"about":[{"href":"https:\/\/eunike.de\/index.php?rest_route=\/wp\/v2\/types\/page"}],"author":[{"embeddable":true,"href":"https:\/\/eunike.de\/index.php?rest_route=\/wp\/v2\/users\/1"}],"replies":[{"embeddable":true,"href":"https:\/\/eunike.de\/index.php?rest_route=%2Fwp%2Fv2%2Fcomments&post=345"}],"version-history":[{"count":8,"href":"https:\/\/eunike.de\/index.php?rest_route=\/wp\/v2\/pages\/345\/revisions"}],"predecessor-version":[{"id":1114,"href":"https:\/\/eunike.de\/index.php?rest_route=\/wp\/v2\/pages\/345\/revisions\/1114"}],"up":[{"embeddable":true,"href":"https:\/\/eunike.de\/index.php?rest_route=\/wp\/v2\/pages\/10"}],"wp:attachment":[{"href":"https:\/\/eunike.de\/index.php?rest_route=%2Fwp%2Fv2%2Fmedia&parent=345"}],"curies":[{"name":"wp","href":"https:\/\/api.w.org\/{rel}","templated":true}]}}