{"id":1631,"date":"2024-06-12T14:41:32","date_gmt":"2024-06-12T14:41:32","guid":{"rendered":"https:\/\/eunike.de\/?page_id=1631"},"modified":"2025-09-24T20:40:40","modified_gmt":"2025-09-24T20:40:40","slug":"wo-sinneswissen-endet-da-stehet-erst-die-pforte","status":"publish","type":"page","link":"https:\/\/eunike.de\/?page_id=1631","title":{"rendered":"Der Doktor und sein Regenschirm"},"content":{"rendered":"\n<p><strong>~ Rudolf Steiner, die GA und der Weltenhumor<\/strong><\/p>\n\n\n\n<p>Ein Portrait-Theater \u00fcber Rudolf Steiner<\/p>\n\n\n\n<p><em>Sommer 1924. Fr\u00e4ulein Samweber \u00f6ffnet die T\u00fcre und beginnt zu erz\u00e4hlen aus dem Leben des Herrn Doktor Steiner&#8230;<\/em><\/p>\n\n\n\n<p>Mein Anliegen ist es, den eben nicht versteinerten Rudolf Steiner lebendig nahbar zu zeigen! Seine Menschlichkeit, einen Teil seines Lebensgangs, aber auch seinen Humor. Ich habe lange \u00fcberlegt, was der Mittelpunkt dieses Programms sein kann: der Bau des Goetheanums und Die Philosophie der Freiheit&#8230;<br>Um davon erz\u00e4hlen zu k\u00f6nnen, schl\u00fcpfe ich in die Rolle seiner Haush\u00e4lterin und berichte mit geistigem Tiefgang und Weltenhumor!<br>Ich habe einige Menschen kennen gelernt, die in den 1960ern die Bekanntschaft zu Anna Samweber pflegten und so wurde mir versichert, wie ich sie spiele, sei sie auch gewesen: fr\u00f6hlich, spr\u00fchend, temperamentvoll! Mein Programm ist aber ein v\u00f6llig eigenes und enth\u00e4lt nur zwei ihrer Erz\u00e4hlungen, die Mitte der 60er niedergeschrieben wurden.<\/p>\n\n\n\n<p>Es gibt Termine im ganzen deutschsprachigen Raum. Vielleicht auch bei Ihnen? Fragen Sie mich doch gerne an! Auch im Rahmen von Tagungen werde ich die Hommage als k\u00fcnstlerischen Beitrag im Abendprogramm zeigen.<\/p>\n\n\n<div class=\"wp-block-image\">\n<figure class=\"aligncenter size-full\"><img loading=\"lazy\" decoding=\"async\" width=\"503\" height=\"522\" src=\"https:\/\/eunike.de\/wp-content\/uploads\/2024\/12\/Der-Doktor-und-sein-Regenschirm.jpg\" alt=\"\" class=\"wp-image-1720\" srcset=\"https:\/\/eunike.de\/wp-content\/uploads\/2024\/12\/Der-Doktor-und-sein-Regenschirm.jpg 503w, https:\/\/eunike.de\/wp-content\/uploads\/2024\/12\/Der-Doktor-und-sein-Regenschirm-289x300.jpg 289w\" sizes=\"auto, (max-width: 503px) 100vw, 503px\" \/><\/figure>\n<\/div>\n\n\n<figure class=\"wp-block-image size-full\"><img loading=\"lazy\" decoding=\"async\" width=\"480\" height=\"622\" src=\"https:\/\/eunike.de\/wp-content\/uploads\/2025\/08\/grafik-2.png\" alt=\"\" class=\"wp-image-1784\" srcset=\"https:\/\/eunike.de\/wp-content\/uploads\/2025\/08\/grafik-2.png 480w, https:\/\/eunike.de\/wp-content\/uploads\/2025\/08\/grafik-2-232x300.png 232w\" sizes=\"auto, (max-width: 480px) 100vw, 480px\" \/><\/figure>\n","protected":false},"excerpt":{"rendered":"<p>~ Rudolf Steiner, die GA und der Weltenhumor Ein Portrait-Theater \u00fcber Rudolf Steiner Sommer 1924. Fr\u00e4ulein Samweber \u00f6ffnet die T\u00fcre und beginnt zu erz\u00e4hlen aus dem Leben des Herrn Doktor Steiner&#8230; Mein Anliegen ist es, den eben nicht versteinerten Rudolf Steiner lebendig nahbar zu zeigen! Seine Menschlichkeit, einen Teil seines Lebensgangs, aber auch seinen Humor. [&hellip;]<\/p>\n","protected":false},"author":1,"featured_media":0,"parent":10,"menu_order":16,"comment_status":"closed","ping_status":"closed","template":"","meta":{"footnotes":""},"class_list":["post-1631","page","type-page","status-publish","hentry"],"_links":{"self":[{"href":"https:\/\/eunike.de\/index.php?rest_route=\/wp\/v2\/pages\/1631","targetHints":{"allow":["GET"]}}],"collection":[{"href":"https:\/\/eunike.de\/index.php?rest_route=\/wp\/v2\/pages"}],"about":[{"href":"https:\/\/eunike.de\/index.php?rest_route=\/wp\/v2\/types\/page"}],"author":[{"embeddable":true,"href":"https:\/\/eunike.de\/index.php?rest_route=\/wp\/v2\/users\/1"}],"replies":[{"embeddable":true,"href":"https:\/\/eunike.de\/index.php?rest_route=%2Fwp%2Fv2%2Fcomments&post=1631"}],"version-history":[{"count":13,"href":"https:\/\/eunike.de\/index.php?rest_route=\/wp\/v2\/pages\/1631\/revisions"}],"predecessor-version":[{"id":1800,"href":"https:\/\/eunike.de\/index.php?rest_route=\/wp\/v2\/pages\/1631\/revisions\/1800"}],"up":[{"embeddable":true,"href":"https:\/\/eunike.de\/index.php?rest_route=\/wp\/v2\/pages\/10"}],"wp:attachment":[{"href":"https:\/\/eunike.de\/index.php?rest_route=%2Fwp%2Fv2%2Fmedia&parent=1631"}],"curies":[{"name":"wp","href":"https:\/\/api.w.org\/{rel}","templated":true}]}}