{"id":1562,"date":"2024-03-09T16:53:12","date_gmt":"2024-03-09T16:53:12","guid":{"rendered":"https:\/\/eunike.de\/?page_id=1562"},"modified":"2025-09-25T21:05:33","modified_gmt":"2025-09-25T21:05:33","slug":"hannah-arendt-verstehen-ist-heimat","status":"publish","type":"page","link":"https:\/\/eunike.de\/?page_id=1562","title":{"rendered":"Hannah Arendt ~ Verstehen ist Heimat"},"content":{"rendered":"\n<p><strong>Ein Portrait-Theater f\u00fcr die Jugend, jung Bleibende und jung Werdende!<\/strong><\/p>\n\n\n<div class=\"wp-block-image\">\n<figure class=\"aligncenter size-full is-resized\"><img loading=\"lazy\" decoding=\"async\" width=\"165\" height=\"208\" src=\"https:\/\/eunike.de\/wp-content\/uploads\/2024\/03\/grafik-2.png\" alt=\"\" class=\"wp-image-1563\" style=\"width:224px;height:auto\"\/><\/figure>\n<\/div>\n\n\n<p><strong>Zum 50. Todestag von Hannah Arendt (14. Oktober 1906 in Hannover; \u2020 4. Dezember 1975 in New York)<\/strong><\/p>\n\n\n\n<p>1964 kam die nach New York emigrierte Arendt nach Deutschland. Im Fernsehgespr\u00e4ch bei G\u00fcnter Gaus fiel dieser Satz &#8222;<em><strong>Ich will verstehen<\/strong><\/em>&#8222;. 60 Jahre sp\u00e4ter m\u00f6chte ich diesen Inhalten begegnen und neue Begegnunger\u00e4ume zum Diskurs er\u00f6ffnen. Denn ihre Art zu denken zeigt die Anschlussf\u00e4higkeit f\u00fcr die Gegenwart: auf die Tatsachen zu schauen statt Opfer von &#8222;Image-Making&#8220; zu werden und mehr miteinander ins Gespr\u00e4ch zu kommen, anstatt es zu verweigern.<\/p>\n\n\n\n<blockquote class=\"wp-block-quote is-layout-flow wp-block-quote-is-layout-flow\">\n<p class=\"has-text-align-center\">\u201e<em>Mein Beruf ist politische Theorien. Ich will verstehen und wenn andere verstehen wie ich, dann gibt mir das eine Befriedigung wie ein Heimatgef\u00fchl!<\/em>\u201c<\/p>\n\n\n<div class=\"wp-block-image\">\n<figure class=\"aligncenter size-full is-resized\"><img loading=\"lazy\" decoding=\"async\" width=\"698\" height=\"881\" src=\"https:\/\/eunike.de\/wp-content\/uploads\/2024\/03\/grafik-4.png\" alt=\"\" class=\"wp-image-1565\" style=\"width:234px;height:auto\" srcset=\"https:\/\/eunike.de\/wp-content\/uploads\/2024\/03\/grafik-4.png 698w, https:\/\/eunike.de\/wp-content\/uploads\/2024\/03\/grafik-4-238x300.png 238w\" sizes=\"auto, (max-width: 698px) 100vw, 698px\" \/><\/figure>\n<\/div><\/blockquote>\n\n\n\n<p>Leidenschaftlich hat sie die Liebe zur Politik gelehrt. Wie hat sie das geschafft? Wie kam sie eigentlich zu ihrer Urteilsf\u00e4higkeit? Wie war es f\u00fcr sie als J\u00fcdin in Deutschland geboren zu sein, zu fl\u00fcchten und nach dem 2. WK wieder deutschen Boden zu betreten? Was k\u00f6nnen wir von ihr lernen \u2013 und vor allem: <strong><em>wie<\/em>?<\/strong><\/p>\n\n\n\n<p>Mit solchen Fragen m\u00f6chte ich mich in diesem Projekt befassen, auf die Suche gehen in ihrem Leben und Wirken. Denn sie macht uns ein Angebot: unsere bisherigen Strukturen, wie wir denken und handeln, zu hinterfragen! Dies lebt sie uns vor in ihrer eigenen geistigen Unabh\u00e4ngigkeit und Unerschrockenheit. Nie hat sie sich den Mund verbieten lassen.<\/p>\n\n\n\n<p>Sie wird zum Vorbild einer m\u00fcndigen urteilsf\u00e4higen Gesellschaft. Frage: Wollen wir das und was sind wir daf\u00fcr zu tun bereit!?<\/p>\n\n\n<div class=\"wp-block-image\">\n<figure class=\"aligncenter size-full is-resized\"><img loading=\"lazy\" decoding=\"async\" width=\"650\" height=\"852\" src=\"https:\/\/eunike.de\/wp-content\/uploads\/2024\/11\/grafik.png\" alt=\"\" class=\"wp-image-1714\" style=\"width:399px;height:auto\" srcset=\"https:\/\/eunike.de\/wp-content\/uploads\/2024\/11\/grafik.png 650w, https:\/\/eunike.de\/wp-content\/uploads\/2024\/11\/grafik-229x300.png 229w\" sizes=\"auto, (max-width: 650px) 100vw, 650px\" \/><\/figure>\n<\/div>\n\n\n<p><strong><u>Darstellungsform: Portrait-Theater als Diaolg<\/u><\/strong> <\/p>\n\n\n\n<p>Ich spiele zwei Rollen: eine <strong>junge Weltverbesserin<\/strong> namens Lis und Hannah Arendt! <br>Im Gespr\u00e4ch mit dem Publikum erz\u00e4hlt Lis, wor\u00fcber sie sich den Kopf zerbricht, einfach nicht mehr weiter wei\u00df bei all den Geschehnissen[ Leben, Politik, Umwelt, Klima usw]. Sie fragt das Publikum, ob ihnen das bekannt vorkommt? Ihr Bed\u00fcrfnis ist es verstehen zu wollen, was vor sich geht.<\/p>\n\n\n\n<p>\u201e<em>Was will ich? Was ist gut? Was kann ich als junger Mensch beitragen? Kann ich \u00fcberhaupt was tun? Was<\/em> ist <em>wesentlich und bleibt? Oder auf was kommt es an? Was ist der Sinn des Lebens?<\/em>\u201c<\/p>\n\n\n\n<p>Als sie im Internet die Worte eintippt <strong>\u201e<em>Verstehen<\/em>, <em>ich will verstehen\u201c<\/em>,<\/strong> erscheint der gleichnamige Buchtitel von Hannah Arendt. \u00b4<em>Ach, kann man ja mal lesen<\/em>\u00b4 denkt sie und f\u00e4ngt Feuer. Das ist es! Danach hat sie gesucht! Aber es steigen auch Fragen auf. Und so beginnt nun auch der Dialog mit Hannah, die ihr mit der Zeit zur imagin\u00e4ren Freundin wird. Durch Hannah lernt sie ihre eigene Stimme kennen und sich selbst dazu zu bef\u00e4higen ins eigene Urteilen zu kommen.<\/p>\n\n\n\n<p>                                                                      <em>\u201eUnd Ihr, macht ihr mit!?<\/em>\u201c<\/p>\n\n\n\n<p><strong>~~~~~~<\/strong> F\u00fcr Hannah Arendt ist das Verstehen Heimat, es begl\u00fcckt sie, denn es schafft Verbindung! Also ist es ja auch geistige Nahrung! So m\u00f6chte ich mein Publikum einladen sich mit diesem Programm zu n\u00e4hren und neugierig zu werden, auf das, was Hannah Arendt uns anbietet und immer noch aktuell ist. Wie k\u00f6nnen wir angesichts der Fluten von Nachrichten Kapit\u00e4n unseres eigenen Schiffes sein ohne unterzugehen?\u2026 Das m\u00f6chte ich bewegen mit den Gedanken Hannah Arendts.<br>Insbesondere m\u00f6chte ich dabei ein junges Publikum erreichen. Darum sind <strong>insbesondere Auff\u00fchrungen an Schulen erw\u00fcnscht<\/strong>, aber nach wie vor auch an anderen Orten wie Theater, Kulturr\u00e4ume, Kirchen, Freilicht-B\u00fchnen, Museen, Gastst\u00e4tten, Seniorenheime usw<\/p>\n\n\n\n<p><strong>Bericht eines Zuschauers:<\/strong><br>&#8222;<em>Eunike schafft es mit einem Minimum an ausgew\u00e4hlten Requisiten (zum Beispiel einem alten Siemens-Telefon und einem Schwarz-Wei\u00df-Foto von Hannah Arendt), die Phantasie des Zuschauers so zu aktivieren, dass die beiden Gespr\u00e4chspartner Lis und Hannah, in deren Rollen sie abwechselnd schl\u00fcpft, ganz lebendig werden. Am erstaunlichsten aber ist, dass je l\u00e4nger man dem Gespr\u00e4ch der beiden konzentriert zuh\u00f6rt, desto mehr man selbst zum lebendigen Denken gelangt, das hei\u00dft: zum Verstehen.<br>Dem Programm hat Eunike mit einem Zitat von Hannah Arendt den Titel \u201eVerstehen ist Heimat\u201c gegeben.<\/em><br><br>von J. St\u00fcrmer<\/p>\n\n\n\n<p>#hannaharendt&#8220;<\/p>\n","protected":false},"excerpt":{"rendered":"<p>Ein Portrait-Theater f\u00fcr die Jugend, jung Bleibende und jung Werdende! Zum 50. Todestag von Hannah Arendt (14. Oktober 1906 in Hannover; \u2020 4. Dezember 1975 in New York) 1964 kam die nach New York emigrierte Arendt nach Deutschland. Im Fernsehgespr\u00e4ch bei G\u00fcnter Gaus fiel dieser Satz &#8222;Ich will verstehen&#8222;. 60 Jahre sp\u00e4ter m\u00f6chte ich diesen [&hellip;]<\/p>\n","protected":false},"author":1,"featured_media":0,"parent":10,"menu_order":0,"comment_status":"closed","ping_status":"closed","template":"","meta":{"footnotes":""},"class_list":["post-1562","page","type-page","status-publish","hentry"],"_links":{"self":[{"href":"https:\/\/eunike.de\/index.php?rest_route=\/wp\/v2\/pages\/1562","targetHints":{"allow":["GET"]}}],"collection":[{"href":"https:\/\/eunike.de\/index.php?rest_route=\/wp\/v2\/pages"}],"about":[{"href":"https:\/\/eunike.de\/index.php?rest_route=\/wp\/v2\/types\/page"}],"author":[{"embeddable":true,"href":"https:\/\/eunike.de\/index.php?rest_route=\/wp\/v2\/users\/1"}],"replies":[{"embeddable":true,"href":"https:\/\/eunike.de\/index.php?rest_route=%2Fwp%2Fv2%2Fcomments&post=1562"}],"version-history":[{"count":6,"href":"https:\/\/eunike.de\/index.php?rest_route=\/wp\/v2\/pages\/1562\/revisions"}],"predecessor-version":[{"id":1804,"href":"https:\/\/eunike.de\/index.php?rest_route=\/wp\/v2\/pages\/1562\/revisions\/1804"}],"up":[{"embeddable":true,"href":"https:\/\/eunike.de\/index.php?rest_route=\/wp\/v2\/pages\/10"}],"wp:attachment":[{"href":"https:\/\/eunike.de\/index.php?rest_route=%2Fwp%2Fv2%2Fmedia&parent=1562"}],"curies":[{"name":"wp","href":"https:\/\/api.w.org\/{rel}","templated":true}]}}