{"id":1555,"date":"2024-03-09T16:21:50","date_gmt":"2024-03-09T16:21:50","guid":{"rendered":"https:\/\/eunike.de\/?page_id=1555"},"modified":"2024-03-09T16:23:12","modified_gmt":"2024-03-09T16:23:12","slug":"warum-die-kuh-ihre-hoerner-braucht-hoeren-die-hoerner-was-im-bauch-los-ist","status":"publish","type":"page","link":"https:\/\/eunike.de\/?page_id=1555","title":{"rendered":"Warum die Kuh ihre H\u00f6rner braucht ~ H\u00f6ren die H\u00f6rner, was im Bauch los ist?"},"content":{"rendered":"\n<p><strong>Ein Familienprogramm \u00fcber das Wesen der Kuh<\/strong><\/p>\n\n\n<div class=\"wp-block-image\">\n<figure class=\"aligncenter size-full is-resized\"><img loading=\"lazy\" decoding=\"async\" width=\"720\" height=\"480\" src=\"https:\/\/eunike.de\/wp-content\/uploads\/2024\/03\/grafik.png\" alt=\"\" class=\"wp-image-1556\" style=\"width:407px;height:auto\" srcset=\"https:\/\/eunike.de\/wp-content\/uploads\/2024\/03\/grafik.png 720w, https:\/\/eunike.de\/wp-content\/uploads\/2024\/03\/grafik-300x200.png 300w\" sizes=\"auto, (max-width: 720px) 100vw, 720px\" \/><\/figure>\n<\/div>\n\n\n<p><\/p>\n\n\n\n<p>Zum 100 j\u00e4hrigen Jubil\u00e4um des Landwirtschaftlichen Kurses, der mit dem Impuls der Verlebendigung der Erde gestartet ist und woraus sich die <strong>Demeter-Landwirtschaft<\/strong> gehalten hat, biete ich ein neues Programm an!<\/p>\n\n\n\n<p>Heute h\u00f6rt man oft, die Kuh sei ein \u201e<strong><em>Klimakiller<\/em><\/strong>\u201c! Wom\u00f6glich fehlt es an Beziehung und Verst\u00e4ndnis. Um dies zu vers\u00f6hnen, springe ich mit diesem Projekt in die Vermittlerrolle ein wie eine Bauernhofp\u00e4dagogin!<br>Auf Grundlage des ph\u00e4nomenologischen Blickes soll erz\u00e4hlend aufsolche Theseneingegangen werden. Denn es geht um das <strong>Wesen der Kuh.<\/strong> Mit kindgerechtem Blick ohne zu viel intellektueller Begriffe m\u00f6chte ich hoffnungsvolle Ausblicke zeigen, wie eine wesensgem\u00e4\u00dfe F\u00fctterung in der Kreislaufwirtschaft die Biodiversit\u00e4t f\u00f6rdert, unsere Umwelt sch\u00fctzt und wie heilsam Milch von H\u00f6rner tragenden K\u00fchen ist. Auch dreht es sich um m\u00f6gliche Ursachen von Allergien und was wir selbst tun k\u00f6nnen als Konsumenten. Denn Verst\u00e4ndnis ihres Wesens und ihrer Verdauung erm\u00f6glichen auch Einsichten und Schritte zu passenden \u00f6kologischen Reformen. Die Welt der Tiere und Pflanzen wartet auf diesen liebenden Blick von uns Menschen. Und dieses kurze Programm versucht zu vermitteln.<\/p>\n\n\n\n<p><strong>Inhalt:<\/strong><br>Die B\u00e4uerin Johanna erz\u00e4hlt von der scheuen f\u00fcnfj\u00e4hrigen Lea, die eines Tages in den Stall kam mit lauter Fragen und Allergien! Anstatt gleich zu antworten, darf sie erst einmal in Ruhe zur Beobachterin werden. So wird man selbst zum Forscher! <\/p>\n\n\n\n<p>Ich biete dieses Programm an, das haupts\u00e4chlich <strong>f\u00fcr Hoffeste im Freien<\/strong> gedacht ist und darum nur etwa 30 Minuten dauert, <strong>als Familienprogramm an oder als Abendprogramm f\u00fcr Erwachsene<\/strong>, wo es dann auch um die Pr\u00e4parate gehen darf! Eine Werkstattauff\u00fchrung hat gezeigt, dass auch kleine Kinder schon sehr aufmerksam dabei waren und auf Fragen antworten konnten wie &#8222;<em>Was kann man aus Milch machen?<\/em>&#8222;. <strong>Es l\u00e4dt also auch zum Mitmachen ein<\/strong>. Letztlich gilt das Mitmachen dem, dass wir wieder mehr Bezug zu denen pflegen, die unsere Lebensmittel anbauen und Partnerschaften pflegen&#8230;<br><br>F\u00fcr gr\u00f6\u00dfere Hoffest biete ich aufgrund der K\u00fcrze au\u00dferdem einen <strong>&#8222;Walking-Act&#8220;<\/strong> an, wo ich kost\u00fcmiert unter einem Sonnenschirm auf die Besucher zugehe und Geschichten zu Saatgut und Tieren erz\u00e4hle. Nat\u00fcrlich <strong>samenfestes Saatgut<\/strong>!<\/p>\n\n\n<div class=\"wp-block-image is-style-rounded\">\n<figure class=\"aligncenter size-large is-resized\"><img loading=\"lazy\" decoding=\"async\" width=\"900\" height=\"678\" src=\"https:\/\/eunike.de\/wp-content\/uploads\/2024\/03\/grafik-1-900x678.png\" alt=\"\" class=\"wp-image-1557\" style=\"width:300px;height:auto\" srcset=\"https:\/\/eunike.de\/wp-content\/uploads\/2024\/03\/grafik-1-900x678.png 900w, https:\/\/eunike.de\/wp-content\/uploads\/2024\/03\/grafik-1-300x226.png 300w, https:\/\/eunike.de\/wp-content\/uploads\/2024\/03\/grafik-1-768x578.png 768w, https:\/\/eunike.de\/wp-content\/uploads\/2024\/03\/grafik-1.png 1280w\" sizes=\"auto, (max-width: 900px) 100vw, 900px\" \/><\/figure>\n<\/div>\n\n\n<p><br>Dieses Programm biete ich an, weil mir die biologische, insbesondere die bio-dynamische Landwirtschaft und Erdenpflege mitsamt der Artenvielfalt mein tiefstes Herzensanliegen ist! Und weil die Tierhaltung kritisiert wird, aber die Bedeutung einer wesensgem\u00e4\u00dfen Tierhaltung nicht ber\u00fccksichtigt oder unterschieden wird.<\/p>\n\n\n\n<p>Eventuell wird dieses Projekt von einer Stiftung gef\u00f6rdert, so dass mir Bauern &#8222;nur&#8220; ihre Erzeugnisse schenken d\u00fcrfen! <\/p>\n","protected":false},"excerpt":{"rendered":"<p>Ein Familienprogramm \u00fcber das Wesen der Kuh Zum 100 j\u00e4hrigen Jubil\u00e4um des Landwirtschaftlichen Kurses, der mit dem Impuls der Verlebendigung der Erde gestartet ist und woraus sich die Demeter-Landwirtschaft gehalten hat, biete ich ein neues Programm an! Heute h\u00f6rt man oft, die Kuh sei ein \u201eKlimakiller\u201c! Wom\u00f6glich fehlt es an Beziehung und Verst\u00e4ndnis. Um dies [&hellip;]<\/p>\n","protected":false},"author":1,"featured_media":0,"parent":10,"menu_order":0,"comment_status":"closed","ping_status":"closed","template":"","meta":{"footnotes":""},"class_list":["post-1555","page","type-page","status-publish","hentry"],"_links":{"self":[{"href":"https:\/\/eunike.de\/index.php?rest_route=\/wp\/v2\/pages\/1555","targetHints":{"allow":["GET"]}}],"collection":[{"href":"https:\/\/eunike.de\/index.php?rest_route=\/wp\/v2\/pages"}],"about":[{"href":"https:\/\/eunike.de\/index.php?rest_route=\/wp\/v2\/types\/page"}],"author":[{"embeddable":true,"href":"https:\/\/eunike.de\/index.php?rest_route=\/wp\/v2\/users\/1"}],"replies":[{"embeddable":true,"href":"https:\/\/eunike.de\/index.php?rest_route=%2Fwp%2Fv2%2Fcomments&post=1555"}],"version-history":[{"count":2,"href":"https:\/\/eunike.de\/index.php?rest_route=\/wp\/v2\/pages\/1555\/revisions"}],"predecessor-version":[{"id":1559,"href":"https:\/\/eunike.de\/index.php?rest_route=\/wp\/v2\/pages\/1555\/revisions\/1559"}],"up":[{"embeddable":true,"href":"https:\/\/eunike.de\/index.php?rest_route=\/wp\/v2\/pages\/10"}],"wp:attachment":[{"href":"https:\/\/eunike.de\/index.php?rest_route=%2Fwp%2Fv2%2Fmedia&parent=1555"}],"curies":[{"name":"wp","href":"https:\/\/api.w.org\/{rel}","templated":true}]}}