{"id":1480,"date":"2024-01-31T18:32:00","date_gmt":"2024-01-31T18:32:00","guid":{"rendered":"https:\/\/eunike.de\/?page_id=1480"},"modified":"2024-03-09T22:48:12","modified_gmt":"2024-03-09T22:48:12","slug":"parsifal-richard-wagners-buehnenweihfestspiel-als-einakter","status":"publish","type":"page","link":"https:\/\/eunike.de\/?page_id=1480","title":{"rendered":"Parsifal ~ Richard Wagners B\u00fchnenweihfestspiel als Einakter"},"content":{"rendered":"\n<div class=\"wp-block-columns is-layout-flex wp-container-core-columns-is-layout-9d6595d7 wp-block-columns-is-layout-flex\">\n<div class=\"wp-block-column is-layout-flow wp-block-column-is-layout-flow\" style=\"flex-basis:100%\"><div class=\"wp-block-image is-style-rounded\">\n<figure class=\"aligncenter size-large is-resized\"><img loading=\"lazy\" decoding=\"async\" width=\"675\" height=\"900\" src=\"https:\/\/eunike.de\/wp-content\/uploads\/2024\/03\/grafik-7-675x900.png\" alt=\"\" class=\"wp-image-1574\" style=\"width:339px;height:auto\" srcset=\"https:\/\/eunike.de\/wp-content\/uploads\/2024\/03\/grafik-7-675x900.png 675w, https:\/\/eunike.de\/wp-content\/uploads\/2024\/03\/grafik-7-225x300.png 225w, https:\/\/eunike.de\/wp-content\/uploads\/2024\/03\/grafik-7-768x1024.png 768w, https:\/\/eunike.de\/wp-content\/uploads\/2024\/03\/grafik-7.png 960w\" sizes=\"auto, (max-width: 675px) 100vw, 675px\" \/><\/figure>\n<\/div><\/div>\n<\/div>\n\n\n\n<p>Mit \u201eParsifal\u201c erschuf Richard Wagner ein modernes Mysteriendrama. Es ist der Weg des reinen Toren, der durch das Tal der Leiden muss, hin zur Menschwerdung. Mag der J\u00fcngling anfangs scheitern, so ist es sein Schicksal, sich zu entwickeln und \u00fcber wahres Mitleid letztlich zur Gnade des Gralsk\u00f6nigtums zu finden.<br>\u00a0<\/p>\n\n\n\n<p><strong>Eine mehrst\u00fcndige Oper ohne Orchester? Nur Literatur und Theater?<\/strong><br>~ Ja, fast! Zum Libretto geh\u00f6ren neben den Gesangstexten etliche Regieangaben Wagners, die oft nicht umgesetzt werden. So hei\u00dft es am Ende: <em>\u201e\u2026eine wei\u00dfe Taube schwebt herab\u2026 Kundry sinkt entseelt zu Boden\u2026\u201c<\/em> Wie in dem Gem\u00e4lde abgebildet, bleibt sie in Inszenierungen aber oft am Leben. Aber darauf kommt es, so bin ich \u00fcberzeugt, dem Komponisten an: Ihre Erl\u00f6sung, auf welche sie Jahrhunderte oder sogar mehrere Inkarnationen hat harren m\u00fcssen, stellvertretend f\u00fcr andere Pers\u00f6nlichkeiten, die Wagner in ihr zu vereinen suchte, denkt man an Eschenbachs \u201eParzival\u201c. Er schuf Kundry um den Verfall der Menschheit entgegen zu wirken. Auch sie ist Teil jenes Speers, von dem es hei\u00dft: <em>\u201e\u2026die Wunde schlie\u00dft der Speer nur, der sie schlug\u201c. <\/em>GFW Hegel schreibt:<em> \u201eDenken\u2026 ist es, welche die Wunde schl\u00e4gt und dieselbe heilt.\u201c<\/em><br><\/p>\n\n\n<div class=\"wp-block-image\">\n<figure class=\"aligncenter size-full is-resized\"><img loading=\"lazy\" decoding=\"async\" width=\"220\" height=\"276\" src=\"https:\/\/eunike.de\/wp-content\/uploads\/2024\/01\/grafik.png\" alt=\"\" class=\"wp-image-1481\" style=\"width:356px;height:auto\"\/><\/figure>\n<\/div>\n\n\n<p><br>Lange schon lebe ich mit den verschiedenen Erz\u00e4hlungen aus dem Mittelalter und auch Wagners Werk begleitet mich allt\u00e4glich. So lag es nicht fern den Parsifal solistisch wiedergeben zu wollen. Durch Werkstattauff\u00fchrungen und Premiere hat sich gezeigt, dass ich dies auch vermag indem ich sieben Rollen spiele! Da ich bereits mehrere Rollen gleichzeitig in anderen Kammerst\u00fccken spiele, bin ich mit der Komplexit\u00e4t von Dramen vertraut, Charaktere miteinander agieren zu lassen und dies f\u00fcr mein Publikum verst\u00e4ndlich zu transportieren. <strong>\u00dcberdies singe ich dank meines Mezzosoprans wichtige Schl\u00fcsselszenen<\/strong> &#8211; nur die! So exaltiert lachen wie eine Kundry kann ich \u00fcbrigens genauso gut, denn als mehrere Blumenm\u00e4dchen schnippisch um des Helden Gunst buhlen! An Humor darf es letztlich auch nicht fehlen! <em>Komm, holder Knabe, komm!<\/em><\/p>\n\n\n\n<p><strong>Lassen Sie sich \u00fcberraschen<\/strong>, wenn alles Tamtam fehlt (so wunderbar es auch ist!), wie gut Sie sich auf den Text konzentrieren k\u00f6nnen, der in der Oper akustisch oft nicht zu verstehen ist. Letztlich m\u00f6chte ich, dass sich jeder eine eigene Bilderwelt zu erschlie\u00dfen vermag, um den Gral vor dem inneren Auge und Herz zur Erscheinung zu bringen! Wom\u00f6glich bedarf unsere Zeit einer neuen Art der Gralsenth\u00fcllung. Daf\u00fcr braucht es auch den Speer. Erkennen wir diesen (an), so sind wir der Enth\u00fcllung einen Schritt n\u00e4her. Und mein Anliegen ist es in dieses Schreiten einzustimmen, wo es hei\u00dft: <em>\u201eZum Raum wird hier die Zeit\u201c\u2026<\/em> \u00a0<\/p>\n\n\n\n<p>Premiere: 2023 H\u00f6lderlinhaus Maulbronn<br>Ab 2024 regelm\u00e4\u00dfige Auftritte<br>An manchen Orten mit Musikern &#8211; wenn es sich anbietet!<br>Dauer: ca. 65 Minuten<\/p>\n\n\n\n<p><strong>Feedback einer Zuschauerin!<\/strong><\/p>\n\n\n\n<p>&#8222;<em>Liebe Eunike.<br>Ich bin begeistert von deiner Arbeit und dir als Mensch.<\/em><\/p>\n\n\n\n<p><em>Gro\u00dfartig so sehr das eigene zu leben, so frei und liebend das zu tun was du liebst mit voller Begeisterung und Authentizit\u00e4t. Du bist mir Inspiration f\u00fcr meine weitere berufliche Zukunft, noch mehr das zu tun, warum ich hier bin und wo meine Freude und Begeisterung liegt.<\/em><\/p>\n\n\n\n<p><em>Du bist ein leuchtendes Vorbild f\u00fcr die Welt. Du entz\u00fcndest Funken f\u00fcr eine bessere Welt. Ich kann sie f\u00fchlen und w\u00fcnsche mir diese in mein Leben mitzunehmen. Das wundervolle Leben in seiner F\u00fclle zu kosten und die Magie in allem sehen zu k\u00f6nnen.<\/em><\/p>\n\n\n\n<p><em>Danke das du du bist und dich so sehr lebst.<br>Alles liebe zu dir<\/em> &#8222;<\/p>\n","protected":false},"excerpt":{"rendered":"<p>Mit \u201eParsifal\u201c erschuf Richard Wagner ein modernes Mysteriendrama. Es ist der Weg des reinen Toren, der durch das Tal der Leiden muss, hin zur Menschwerdung. Mag der J\u00fcngling anfangs scheitern, so ist es sein Schicksal, sich zu entwickeln und \u00fcber wahres Mitleid letztlich zur Gnade des Gralsk\u00f6nigtums zu finden.\u00a0 Eine mehrst\u00fcndige Oper ohne Orchester? Nur [&hellip;]<\/p>\n","protected":false},"author":1,"featured_media":0,"parent":10,"menu_order":0,"comment_status":"closed","ping_status":"closed","template":"","meta":{"footnotes":""},"class_list":["post-1480","page","type-page","status-publish","hentry"],"_links":{"self":[{"href":"https:\/\/eunike.de\/index.php?rest_route=\/wp\/v2\/pages\/1480","targetHints":{"allow":["GET"]}}],"collection":[{"href":"https:\/\/eunike.de\/index.php?rest_route=\/wp\/v2\/pages"}],"about":[{"href":"https:\/\/eunike.de\/index.php?rest_route=\/wp\/v2\/types\/page"}],"author":[{"embeddable":true,"href":"https:\/\/eunike.de\/index.php?rest_route=\/wp\/v2\/users\/1"}],"replies":[{"embeddable":true,"href":"https:\/\/eunike.de\/index.php?rest_route=%2Fwp%2Fv2%2Fcomments&post=1480"}],"version-history":[{"count":3,"href":"https:\/\/eunike.de\/index.php?rest_route=\/wp\/v2\/pages\/1480\/revisions"}],"predecessor-version":[{"id":1577,"href":"https:\/\/eunike.de\/index.php?rest_route=\/wp\/v2\/pages\/1480\/revisions\/1577"}],"up":[{"embeddable":true,"href":"https:\/\/eunike.de\/index.php?rest_route=\/wp\/v2\/pages\/10"}],"wp:attachment":[{"href":"https:\/\/eunike.de\/index.php?rest_route=%2Fwp%2Fv2%2Fmedia&parent=1480"}],"curies":[{"name":"wp","href":"https:\/\/api.w.org\/{rel}","templated":true}]}}