{"id":14,"date":"2013-03-18T15:54:20","date_gmt":"2013-03-18T15:54:20","guid":{"rendered":"http:\/\/eunike.de\/?page_id=14"},"modified":"2020-08-09T17:46:19","modified_gmt":"2020-08-09T17:46:19","slug":"es-lebe-die-freiheit","status":"publish","type":"page","link":"https:\/\/eunike.de\/?page_id=14","title":{"rendered":"Sophie Scholl- Die Wei\u00dfe Rose"},"content":{"rendered":"<h1>Es lebe die\u00a0Freiheit!<\/h1>\n<p><b>Die Wei\u00dfe Rose und Traute Lafrenz<\/b><\/p>\n<p><img loading=\"lazy\" decoding=\"async\" class=\"size-medium wp-image-1185 aligncenter\" src=\"https:\/\/eunike.de\/wp-content\/uploads\/2020\/01\/sophie-202x300.jpg\" alt=\"\" width=\"202\" height=\"300\" srcset=\"https:\/\/eunike.de\/wp-content\/uploads\/2020\/01\/sophie-202x300.jpg 202w, https:\/\/eunike.de\/wp-content\/uploads\/2020\/01\/sophie-607x900.jpg 607w, https:\/\/eunike.de\/wp-content\/uploads\/2020\/01\/sophie.jpg 750w\" sizes=\"auto, (max-width: 202px) 100vw, 202px\" \/><\/p>\n<p><b>Inhalt:<\/b><\/p>\n<p>In Zeiten des gelebten Widerstands ist das Interesse an der Studentengruppe \u00a0gr\u00f6\u00dfer denn je. Besonders die Geschwister Scholl stehen im Mittelpunkt der bisherigen Betrachtungen. Sie sind f\u00fcr etwas Einfaches eingestanden: f\u00fcr die freie Entfaltung des Menschen und sein Recht auf ein freies Leben. Nachdem sie am Morgen des 18. Februar 1943 ihre Flugbl\u00e4tter in der M\u00fcnchner Universit\u00e4t ausgelegt hatten, wurden sie von den Augen des Hausmeisters ersp\u00e4ht. Diese waren vom Herzen ihres Besitzers gel\u00f6st und zu automatischen Linsen der Diktatur geworden. Damit war das Schicksal der beiden besiegelt. Sie und Christoph Probst hatten mit dem Todesurteil (22. Februar 1943) gerechnet und versuchten alle \u201eSchuld\u201c auf sich zu nehmen, um die anderen Mitstreiter zu entlasten.<\/p>\n<p>So \u00fcberlebte ein Mitglied dieser Gruppe, welches\u00a0 der Aufmerksamkeit jedoch weitgehend entging: <strong>Traute Lafrenz<\/strong>. Sie war jemand, der Impulse gab, vorbereitete, Flugbl\u00e4tter verteilte, aufr\u00e4umte, das Leben in Gang hielt.<\/p>\n<div><b>Meine Herangehensweise<\/b><\/div>\n<p>ist es aus der Sicht Traute Lafrenz \u00a0aufleben zu lassen, was damals geschah, der tiefen Lebensbejahung dieser jungen Menschen Ausdruck zu verleihen, darauf zu schauen, was sie impulsierte und auch heute Kraftquelle f\u00fcr uns sein kann.<\/p>\n<p><img loading=\"lazy\" decoding=\"async\" class=\"alignnone size-medium wp-image-1194 aligncenter\" src=\"https:\/\/eunike.de\/wp-content\/uploads\/2020\/01\/Traute-217x300.jpg\" alt=\"\" width=\"217\" height=\"300\" srcset=\"https:\/\/eunike.de\/wp-content\/uploads\/2020\/01\/Traute-217x300.jpg 217w, https:\/\/eunike.de\/wp-content\/uploads\/2020\/01\/Traute.jpg 505w\" sizes=\"auto, (max-width: 217px) 100vw, 217px\" \/><\/p>\n<p><b>Traute Lafrenz<\/b> (*1919, Hamburg) verbrachte etwa 24 Monate im Gef\u00e4ngnis, bis sie von amerikanischen Truppen befreit wurde. Sie emigrierte in die USA, wurde \u00c4rztin und Leiterin der heilp\u00e4dagogischen <i>Esperanza School<\/i> f\u00fcr geistig behinderte Kinder in Chicago. Die heute 100!!! J\u00e4hrige lebt in South Carolina.<\/p>\n<p style=\"text-align: center;\"><a href=\"https:\/\/eunike.de\/wp-content\/uploads\/2013\/03\/Es-lebe-Freiheit-Bild.jpg\"><img loading=\"lazy\" decoding=\"async\" class=\"alignnone size-medium wp-image-42\" src=\"https:\/\/eunike.de\/wp-content\/uploads\/2013\/03\/Es-lebe-Freiheit-Bild-215x300.jpg\" alt=\"\" width=\"215\" height=\"300\" srcset=\"https:\/\/eunike.de\/wp-content\/uploads\/2013\/03\/Es-lebe-Freiheit-Bild-215x300.jpg 215w, https:\/\/eunike.de\/wp-content\/uploads\/2013\/03\/Es-lebe-Freiheit-Bild.jpg 446w\" sizes=\"auto, (max-width: 215px) 100vw, 215px\" \/><\/a><\/p>\n<p><b>Auff\u00fchrungszeitraum:<\/b> Wieder ab Januar 2020<\/p>\n<p><i>Auch vor Sch\u00fclern m\u00f6glich! Speziell theaterp\u00e4dagogisches Programm f\u00fcr Sch\u00fcler mit Workshop <strong>UND als Abendveranstaltung!!<\/strong><\/i><\/p>\n<p><b><br \/>\nWerbematerial:<\/b> Handzettel und Plakate stelle ich Ihnen gerne zur Verf\u00fcgung<\/p>\n<p><b><i>In Zusammenarbeit mit dem Verlag Urachhaus unter Verwendung von<br \/>\n\u201eEs lebe die Freiheit\u201c von Peter Normann Waage<\/i><\/b><\/p>\n<p><b><i>\u00a0\u00a0\u00a0\u00a0\u00a0\u00a0\u00a0\u00a0\u00a0\u00a0\u00a0\u00a0\u00a0\u00a0\u00a0\u00a0\u00a0\u00a0\u00a0\u00a0\u00a0\u00a0\u00a0\u00a0\u00a0\u00a0\u00a0\u00a0\u00a0\u00a0\u00a0\u00a0\u00a0\u00a0\u00a0\u00a0\u00a0\u00a0\u00a0\u00a0\u00a0\u00a0\u00a0\u00a0\u00a0\u00a0\u00a0\u00a0\u00a0\u00a0\u00a0\u00a0\u00a0\u00a0\u00a0\u00a0\u00a0\u00a0\u00a0\u00a0\u00a0\u00a0\u00a0\u00a0\u00a0\u00a0\u00a0\u00a0\u00a0\u00a0\u00a0\u00a0\u00a0\u00a0\u00a0\u00a0\u00a0\u00a0\u00a0\u00a0\u00a0\u00a0\u00a0\u00a0\u00a0\u00a0\u00a0\u00a0\u00a0\u00a0\u00a0\u00a0\u00a0\u00a0\u00a0\u00a0\u00a0\u00a0\u00a0\u00a0\u00a0\u00a0\u00a0\u00a0\u00a0\u00a0\u00a0\u00a0\u00a0\u00a0\u00a0\u00a0\u00a0\u00a0\u00a0\u00a0\u00a0\u00a0\u00a0\u00a0\u00a0\u00a0\u00a0\u00a0\u00a0\u00a0\u00a0\u00a0\u00a0\u00a0\u00a0\u00a0\u00a0\u00a0\u00a0\u00a0\u00a0\u00a0\u00a0\u00a0\u00a0\u00a0\u00a0\u00a0\u00a0\u00a0\u00a0\u00a0\u00a0\u00a0\u00a0\u00a0\u00a0\u00a0\u00a0\u00a0\u00a0\u00a0\u00a0\u00a0\u00a0\u00a0\u00a0\u00a0\u00a0\u00a0\u00a0\u00a0\u00a0\u00a0\u00a0\u00a0\u00a0\u00a0\u00a0\u00a0\u00a0\u00a0\u00a0\u00a0\u00a0\u00a0\u00a0\u00a0\u00a0\u00a0\u00a0\u00a0\u00a0\u00a0\u00a0\u00a0\u00a0\u00a0\u00a0\u00a0\u00a0\u00a0\u00a0\u00a0\u00a0\u00a0\u00a0\u00a0\u00a0\u00a0\u00a0\u00a0\u00a0\u00a0\u00a0\u00a0\u00a0\u00a0\u00a0\u00a0\u00a0\u00a0\u00a0\u00a0\u00a0\u00a0\u00a0\u00a0\u00a0\u00a0\u00a0\u00a0\u00a0\u00a0\u00a0\u00a0\u00a0\u00a0\u00a0\u00a0\u00a0\u00a0\u00a0\u00a0\u00a0\u00a0\u00a0\u00a0\u00a0\u00a0\u00a0\u00a0\u00a0\u00a0\u00a0\u00a0\u00a0\u00a0\u00a0\u00a0\u00a0\u00a0\u00a0\u00a0\u00a0\u00a0\u00a0\u00a0\u00a0\u00a0\u00a0\u00a0\u00a0 <\/i>Pressestimme: <\/b><br \/>\n<i>\u201eEunike Engelkind versteht es die Vielfalt von Personen durch sich handeln und sprechen zu lassen. Dabei steht die Sprechweise, Haltung mit Bewegung bis in die Art des Schrittes ihr wie ein Werkzeug zur Verf\u00fcgung, um das Charakteristische all der Menschen herauszuarbeiten. Durch ihr Spiel tauchen die Besucher ganz ins Geschehen ein\u201c M\u00fchlacker Tagblatt, 18.Mai. 2012<\/i><\/p>\n","protected":false},"excerpt":{"rendered":"<p>Es lebe die\u00a0Freiheit! Die Wei\u00dfe Rose und Traute Lafrenz Inhalt: In Zeiten des gelebten Widerstands ist das Interesse an der Studentengruppe \u00a0gr\u00f6\u00dfer denn je. Besonders die Geschwister Scholl stehen im Mittelpunkt der bisherigen Betrachtungen. Sie sind f\u00fcr etwas Einfaches eingestanden: f\u00fcr die freie Entfaltung des Menschen und sein Recht auf ein freies Leben. Nachdem sie [&hellip;]<\/p>\n","protected":false},"author":1,"featured_media":0,"parent":10,"menu_order":5,"comment_status":"closed","ping_status":"closed","template":"","meta":{"footnotes":""},"class_list":["post-14","page","type-page","status-publish","hentry"],"_links":{"self":[{"href":"https:\/\/eunike.de\/index.php?rest_route=\/wp\/v2\/pages\/14","targetHints":{"allow":["GET"]}}],"collection":[{"href":"https:\/\/eunike.de\/index.php?rest_route=\/wp\/v2\/pages"}],"about":[{"href":"https:\/\/eunike.de\/index.php?rest_route=\/wp\/v2\/types\/page"}],"author":[{"embeddable":true,"href":"https:\/\/eunike.de\/index.php?rest_route=\/wp\/v2\/users\/1"}],"replies":[{"embeddable":true,"href":"https:\/\/eunike.de\/index.php?rest_route=%2Fwp%2Fv2%2Fcomments&post=14"}],"version-history":[{"count":7,"href":"https:\/\/eunike.de\/index.php?rest_route=\/wp\/v2\/pages\/14\/revisions"}],"predecessor-version":[{"id":1264,"href":"https:\/\/eunike.de\/index.php?rest_route=\/wp\/v2\/pages\/14\/revisions\/1264"}],"up":[{"embeddable":true,"href":"https:\/\/eunike.de\/index.php?rest_route=\/wp\/v2\/pages\/10"}],"wp:attachment":[{"href":"https:\/\/eunike.de\/index.php?rest_route=%2Fwp%2Fv2%2Fmedia&parent=14"}],"curies":[{"name":"wp","href":"https:\/\/api.w.org\/{rel}","templated":true}]}}