{"id":1139,"date":"2019-11-08T12:02:32","date_gmt":"2019-11-08T12:02:32","guid":{"rendered":"http:\/\/eunike.de\/?page_id=1139"},"modified":"2023-04-25T20:40:00","modified_gmt":"2023-04-25T20:40:00","slug":"hegel-hoelderlin-das-bleibende-aber-stiften-die-dichter-und-denker","status":"publish","type":"page","link":"https:\/\/eunike.de\/?page_id=1139","title":{"rendered":"Hegel &#038; H\u00f6lderlin"},"content":{"rendered":"\n<p>~ Das Bleibende aber stiften die Dichter und Denker<\/p>\n\n\n\n<p><em>\u201eUnser Vereinigungspunkt sei eine unsichtbare Bruderkirche\u2026\u201c<\/em><\/p>\n\n\n\n<p>Ein Literatur-Projekt von Eunike Engelkind<br>anl\u00e4sslich des 250. Geburtstages von <br>H\u00f6lderlin (20.3.1770) und Hegel (27.8.1770)<\/p>\n\n\n<div class=\"wp-block-image\">\n<figure class=\"aligncenter is-resized\"><img loading=\"lazy\" decoding=\"async\" src=\"https:\/\/eunike.de\/wp-content\/uploads\/2019\/11\/Hegel-01.jpg\" alt=\"\" class=\"wp-image-1140\" width=\"212\" height=\"353\" srcset=\"https:\/\/eunike.de\/wp-content\/uploads\/2019\/11\/Hegel-01.jpg 480w, https:\/\/eunike.de\/wp-content\/uploads\/2019\/11\/Hegel-01-180x300.jpg 180w\" sizes=\"auto, (max-width: 212px) 100vw, 212px\" \/><\/figure>\n<\/div>\n\n\n<p>Lange habe ich mir Gedanken dar\u00fcber gemacht, was mir pers\u00f6nlich wichtig ist \u00fcber Hegel zu berichten, und wie ich das auf k\u00fcnstlerisch-literarischem Wege umsetzen kann. <br>Mein gro\u00dfes Interesse im Kosmos Hegel gilt dabei seiner Erkenntnismethode und seiner Herangehensweise zum Thema Glauben und Religion. Ich habe ein St\u00fcck geschrieben, welches das Publikum mit einbezieht, das die Menschen dazu anregen soll, sich selbst mit Hegel zu befassen. Denn es w\u00fcrde sich sehr lohnen, nicht nur f\u00fcr einen selbst, sondern f\u00fcr die Gesellschaft! <strong>Durch<\/strong> <strong>Hegels Denktraining<\/strong> kommen wir zu geistiger und seelischer  Unabh\u00e4ngigkeit in Zeiten der Globalisierung und k\u00f6nnen damit der  Zerst\u00f6rung des Ich entgegenwirken, die uns heute allenthalben bedroht!  Hegel und seine Zeitgenossen haben dies vorausgesehen und bieten uns  zahlreiche Anregungen, damit wir nicht in den Fluten viraler Ablenkungen  untergehen, sondern zu Mitgestaltern &amp; Mitdenkern unserer Zeit  werden! <\/p>\n\n\n<div class=\"wp-block-image\">\n<figure class=\"aligncenter size-large is-resized\"><img loading=\"lazy\" decoding=\"async\" src=\"https:\/\/eunike.de\/wp-content\/uploads\/2023\/04\/119800446_3127095724086006_4254401133140037140_o-2-900x675.jpg\" alt=\"\" class=\"wp-image-1355\" width=\"594\" height=\"446\" srcset=\"https:\/\/eunike.de\/wp-content\/uploads\/2023\/04\/119800446_3127095724086006_4254401133140037140_o-2-900x675.jpg 900w, https:\/\/eunike.de\/wp-content\/uploads\/2023\/04\/119800446_3127095724086006_4254401133140037140_o-2-300x225.jpg 300w, https:\/\/eunike.de\/wp-content\/uploads\/2023\/04\/119800446_3127095724086006_4254401133140037140_o-2-768x576.jpg 768w, https:\/\/eunike.de\/wp-content\/uploads\/2023\/04\/119800446_3127095724086006_4254401133140037140_o-2-1536x1152.jpg 1536w, https:\/\/eunike.de\/wp-content\/uploads\/2023\/04\/119800446_3127095724086006_4254401133140037140_o-2.jpg 1636w\" sizes=\"auto, (max-width: 594px) 100vw, 594px\" \/><\/figure>\n<\/div>\n\n\n<p><br>Aber auch die Freundschaft zu H\u00f6lderlin darf in diesem Projekt nicht zu kurz kommen. <br>Nun, wie stelle ich das Ganze an? Von welcher Warte aus kann ich mein Vorhaben vollziehen?<br><strong>Ich spiele Wilhelmine!<\/strong> <em>&#8211; Wilhelmine? Was ist denn das f\u00fcr ein Name!<\/em> <br>&#8211; Soviel sei verraten:<\/p>\n\n\n<div class=\"wp-block-image\">\n<figure class=\"aligncenter size-large is-resized\"><img loading=\"lazy\" decoding=\"async\" src=\"https:\/\/eunike.de\/wp-content\/uploads\/2020\/02\/Hegel-Wilhelmine3-900x684.jpg\" alt=\"\" class=\"wp-image-1228\" width=\"525\" height=\"399\" srcset=\"https:\/\/eunike.de\/wp-content\/uploads\/2020\/02\/Hegel-Wilhelmine3-900x684.jpg 900w, https:\/\/eunike.de\/wp-content\/uploads\/2020\/02\/Hegel-Wilhelmine3-300x228.jpg 300w, https:\/\/eunike.de\/wp-content\/uploads\/2020\/02\/Hegel-Wilhelmine3-768x583.jpg 768w, https:\/\/eunike.de\/wp-content\/uploads\/2020\/02\/Hegel-Wilhelmine3.jpg 1036w\" sizes=\"auto, (max-width: 525px) 100vw, 525px\" \/><figcaption class=\"wp-element-caption\">Diese B\u00fcste gibt mir auf meinem Schreibtisch zu denken!  <\/figcaption><\/figure>\n<\/div>\n\n\n<p> <strong>Berlin im Jahre 1830<\/strong>: Hegel ist nicht nur Philosoph \u2013 er spielt Karten, trinkt und isst gerne\u2026 Man glaubt es kaum, er ist ein geselliger Mensch, der auch das Gespr\u00e4ch mit K\u00fcnstlerinnen sucht!<strong> Im literarischen Salon begegnet ihm Wilhelmine.<\/strong> Sie ist gelangweilt von einfallslosen Theaterrollen und von den Antr\u00e4gen schn\u00f6der preu\u00dfischer Junker! Lieber m\u00f6chte sie studieren, wie die M\u00e4nner! Der Salon aber bietet ihr und der Damenwelt die M\u00f6glichkeit sich zu bilden! In ihrem Streben nach Bildung hat Hegel es ihr angetan, obwohl er es ihr nicht einfach macht! <br> \u201e<em><strong>Die Philosophie muss sich h\u00fcten, erbaulich sein zu wollen!\u201c<\/strong><\/em><br>Sie komponiert aus Hegels Gedankeng\u00e4ngen einen Theatermonolog, um das Verborgene darin zu entschl\u00fcsseln. Auch konkrete Lebensereignisse \ufb02icht sie ein in diesen Kranz und ist gespannt, wie das Publikum im Salon reagieren wird. <br>Wer sagt, ein h\u00fcbsches Frauenzimmer k\u00f6nne nicht denken?! Mit einer geh\u00f6rigen Portion Charme und Witz zeigt sie dem Publikum, wie lebendig Hegel wirklich ist! <br>Vorhang auf!  <\/p>\n\n\n<div class=\"wp-block-image\">\n<figure class=\"aligncenter size-large is-resized\"><img loading=\"lazy\" decoding=\"async\" src=\"https:\/\/eunike.de\/wp-content\/uploads\/2023\/04\/DSC04825-900x675.jpg\" alt=\"\" class=\"wp-image-1356\" width=\"524\" height=\"393\" srcset=\"https:\/\/eunike.de\/wp-content\/uploads\/2023\/04\/DSC04825-900x675.jpg 900w, https:\/\/eunike.de\/wp-content\/uploads\/2023\/04\/DSC04825-300x225.jpg 300w, https:\/\/eunike.de\/wp-content\/uploads\/2023\/04\/DSC04825-768x576.jpg 768w, https:\/\/eunike.de\/wp-content\/uploads\/2023\/04\/DSC04825-1536x1152.jpg 1536w, https:\/\/eunike.de\/wp-content\/uploads\/2023\/04\/DSC04825-2048x1536.jpg 2048w\" sizes=\"auto, (max-width: 524px) 100vw, 524px\" \/><\/figure>\n<\/div>","protected":false},"excerpt":{"rendered":"<p>~ Das Bleibende aber stiften die Dichter und Denker \u201eUnser Vereinigungspunkt sei eine unsichtbare Bruderkirche\u2026\u201c Ein Literatur-Projekt von Eunike Engelkindanl\u00e4sslich des 250. Geburtstages von H\u00f6lderlin (20.3.1770) und Hegel (27.8.1770) Lange habe ich mir Gedanken dar\u00fcber gemacht, was mir pers\u00f6nlich wichtig ist \u00fcber Hegel zu berichten, und wie ich das auf k\u00fcnstlerisch-literarischem Wege umsetzen kann. Mein [&hellip;]<\/p>\n","protected":false},"author":1,"featured_media":0,"parent":10,"menu_order":0,"comment_status":"closed","ping_status":"closed","template":"","meta":{"footnotes":""},"class_list":["post-1139","page","type-page","status-publish","hentry"],"_links":{"self":[{"href":"https:\/\/eunike.de\/index.php?rest_route=\/wp\/v2\/pages\/1139","targetHints":{"allow":["GET"]}}],"collection":[{"href":"https:\/\/eunike.de\/index.php?rest_route=\/wp\/v2\/pages"}],"about":[{"href":"https:\/\/eunike.de\/index.php?rest_route=\/wp\/v2\/types\/page"}],"author":[{"embeddable":true,"href":"https:\/\/eunike.de\/index.php?rest_route=\/wp\/v2\/users\/1"}],"replies":[{"embeddable":true,"href":"https:\/\/eunike.de\/index.php?rest_route=%2Fwp%2Fv2%2Fcomments&post=1139"}],"version-history":[{"count":10,"href":"https:\/\/eunike.de\/index.php?rest_route=\/wp\/v2\/pages\/1139\/revisions"}],"predecessor-version":[{"id":1357,"href":"https:\/\/eunike.de\/index.php?rest_route=\/wp\/v2\/pages\/1139\/revisions\/1357"}],"up":[{"embeddable":true,"href":"https:\/\/eunike.de\/index.php?rest_route=\/wp\/v2\/pages\/10"}],"wp:attachment":[{"href":"https:\/\/eunike.de\/index.php?rest_route=%2Fwp%2Fv2%2Fmedia&parent=1139"}],"curies":[{"name":"wp","href":"https:\/\/api.w.org\/{rel}","templated":true}]}}