{"id":10,"date":"2013-03-18T10:47:40","date_gmt":"2013-03-18T10:47:40","guid":{"rendered":"http:\/\/eunike.de\/?page_id=10"},"modified":"2024-03-09T16:54:35","modified_gmt":"2024-03-09T16:54:35","slug":"programme","status":"publish","type":"page","link":"https:\/\/eunike.de\/?page_id=10","title":{"rendered":"Programme"},"content":{"rendered":"<div id=\"ez-toc-container\" class=\"ez-toc-v2_0_82_2 counter-hierarchy ez-toc-counter ez-toc-grey ez-toc-container-direction\">\n<div class=\"ez-toc-title-container\">\n<p class=\"ez-toc-title\" style=\"cursor:inherit\">Table of Contents<\/p>\n<span class=\"ez-toc-title-toggle\"><a href=\"#\" class=\"ez-toc-pull-right ez-toc-btn ez-toc-btn-xs ez-toc-btn-default ez-toc-toggle\" aria-label=\"Toggle Table of Content\"><span class=\"ez-toc-js-icon-con\"><span class=\"\"><span class=\"eztoc-hide\" style=\"display:none;\">Toggle<\/span><span class=\"ez-toc-icon-toggle-span\"><svg style=\"fill: #999;color:#999\" xmlns=\"http:\/\/www.w3.org\/2000\/svg\" class=\"list-377408\" width=\"20px\" height=\"20px\" viewBox=\"0 0 24 24\" fill=\"none\"><path d=\"M6 6H4v2h2V6zm14 0H8v2h12V6zM4 11h2v2H4v-2zm16 0H8v2h12v-2zM4 16h2v2H4v-2zm16 0H8v2h12v-2z\" fill=\"currentColor\"><\/path><\/svg><svg style=\"fill: #999;color:#999\" class=\"arrow-unsorted-368013\" xmlns=\"http:\/\/www.w3.org\/2000\/svg\" width=\"10px\" height=\"10px\" viewBox=\"0 0 24 24\" version=\"1.2\" baseProfile=\"tiny\"><path d=\"M18.2 9.3l-6.2-6.3-6.2 6.3c-.2.2-.3.4-.3.7s.1.5.3.7c.2.2.4.3.7.3h11c.3 0 .5-.1.7-.3.2-.2.3-.5.3-.7s-.1-.5-.3-.7zM5.8 14.7l6.2 6.3 6.2-6.3c.2-.2.3-.5.3-.7s-.1-.5-.3-.7c-.2-.2-.4-.3-.7-.3h-11c-.3 0-.5.1-.7.3-.2.2-.3.5-.3.7s.1.5.3.7z\"\/><\/svg><\/span><\/span><\/span><\/a><\/span><\/div>\n<nav><ul class='ez-toc-list ez-toc-list-level-1 ' ><li class='ez-toc-page-1 ez-toc-heading-level-2'><a class=\"ez-toc-link ez-toc-heading-1\" href=\"https:\/\/eunike.de\/?page_id=10\/#Meine_Programme_finden_Sie_beim_Scrollen_unter_der_gleichnamigen_Rubrik_Hier_folgt_eine_kurze_Uebersicht\" >Meine Programme finden Sie beim Scrollen unter der gleichnamigen Rubrik! Hier folgt eine kurze \u00dcbersicht:<\/a><\/li><li class='ez-toc-page-1 ez-toc-heading-level-2'><a class=\"ez-toc-link ez-toc-heading-2\" href=\"https:\/\/eunike.de\/?page_id=10\/#Hegel_und_Hoelderlin\" >Hegel und H\u00f6lderlin<\/a><\/li><li class='ez-toc-page-1 ez-toc-heading-level-2'><a class=\"ez-toc-link ez-toc-heading-3\" href=\"https:\/\/eunike.de\/?page_id=10\/#Das_Bleibende_aber_stiften_die_Dichter_und_Denker_Parsifal_Zum_Raum_wird_hier_die_Zeit_Richard_Wagners_Buehnenweihfestspiel_als_Einakter_Warum_die_Kuh_ihre_Hoerner_braucht_Hoernen_die_Hoerner_was_im_Bauch_los_ist_Hannah_Arendt_Verstehen_ist_Heimat\" >Das Bleibende aber stiften die Dichter und Denker\nParsifal ~ Zum Raum wird hier die Zeit \nRichard Wagners B\u00fchnenweihfestspiel als Einakter\nWarum die Kuh ihre H\u00f6rner braucht \n~ H\u00f6rnen die H\u00f6rner, was im Bauch los ist?\nHannah Arendt  \n~ Verstehen ist Heimat<\/a><\/li><li class='ez-toc-page-1 ez-toc-heading-level-2'><a class=\"ez-toc-link ez-toc-heading-4\" href=\"https:\/\/eunike.de\/?page_id=10\/#Der_Widerspenstigen_Zaehmung\" >Der Widerspenstigen Z\u00e4hmung<\/a><\/li><li class='ez-toc-page-1 ez-toc-heading-level-2'><a class=\"ez-toc-link ez-toc-heading-5\" href=\"https:\/\/eunike.de\/?page_id=10\/#Das_Kaethchen_von_Heilbronn\" >Das K\u00e4thchen von Heilbronn<\/a><\/li><li class='ez-toc-page-1 ez-toc-heading-level-2'><a class=\"ez-toc-link ez-toc-heading-6\" href=\"https:\/\/eunike.de\/?page_id=10\/#MignonSo_lasst_mich_scheinen_bis_ich_werde\" >Mignon~So lasst mich scheinen bis ich werde~<\/a><\/li><li class='ez-toc-page-1 ez-toc-heading-level-2'><a class=\"ez-toc-link ez-toc-heading-7\" href=\"https:\/\/eunike.de\/?page_id=10\/#Hoelderlin\" >H\u00f6lderlin<\/a><\/li><li class='ez-toc-page-1 ez-toc-heading-level-2'><a class=\"ez-toc-link ez-toc-heading-8\" href=\"https:\/\/eunike.de\/?page_id=10\/#Jeanne-Sophie_1412-1943\" >Jeanne-Sophie 1412-1943<\/a><\/li><li class='ez-toc-page-1 ez-toc-heading-level-2'><a class=\"ez-toc-link ez-toc-heading-9\" href=\"https:\/\/eunike.de\/?page_id=10\/#Es_lebe_die_Freiheit\" >Es lebe die Freiheit!<\/a><\/li><li class='ez-toc-page-1 ez-toc-heading-level-2'><a class=\"ez-toc-link ez-toc-heading-10\" href=\"https:\/\/eunike.de\/?page_id=10\/#Bettine_von_Arnim_Lehrjahre_einer_Bekennerin_zur_Freiheit\" >Bettine von Arnim \n~Lehrjahre einer Bekennerin zur Freiheit<\/a><\/li><li class='ez-toc-page-1 ez-toc-heading-level-2'><a class=\"ez-toc-link ez-toc-heading-11\" href=\"https:\/\/eunike.de\/?page_id=10\/#Kaspar\" >Kaspar<\/a><\/li><li class='ez-toc-page-1 ez-toc-heading-level-2'><a class=\"ez-toc-link ez-toc-heading-12\" href=\"https:\/\/eunike.de\/?page_id=10\/#Die_Brueder_Grimm\" >Die Br\u00fcder Grimm<\/a><\/li><li class='ez-toc-page-1 ez-toc-heading-level-2'><a class=\"ez-toc-link ez-toc-heading-13\" href=\"https:\/\/eunike.de\/?page_id=10\/#Lav_ju_Goethe_Die_Wahlverwandtschaften\" >Lav ju G\u00f6the~ Die Wahlverwandtschaften<\/a><\/li><li class='ez-toc-page-1 ez-toc-heading-level-2'><a class=\"ez-toc-link ez-toc-heading-14\" href=\"https:\/\/eunike.de\/?page_id=10\/#Frida_Kahlo\" >Frida Kahlo<\/a><\/li><\/ul><\/nav><\/div>\n<h2><span class=\"ez-toc-section\" id=\"Meine_Programme_finden_Sie_beim_Scrollen_unter_der_gleichnamigen_Rubrik_Hier_folgt_eine_kurze_Uebersicht\"><\/span>Meine Programme finden Sie beim Scrollen unter der gleichnamigen Rubrik! Hier folgt eine kurze \u00dcbersicht:<span class=\"ez-toc-section-end\"><\/span><\/h2>\n<h2><span class=\"ez-toc-section\" id=\"Hegel_und_Hoelderlin\"><\/span><span style=\"color: #3366ff;\"><a style=\"color: #3366ff;\" href=\"https:\/\/eunike.de\/?page_id=1139\"><em>Hegel und H\u00f6lderlin<\/em><\/a><\/span><span class=\"ez-toc-section-end\"><\/span><\/h2>\n<h2><span class=\"ez-toc-section\" id=\"Das_Bleibende_aber_stiften_die_Dichter_und_Denker_Parsifal_Zum_Raum_wird_hier_die_Zeit_Richard_Wagners_Buehnenweihfestspiel_als_Einakter_Warum_die_Kuh_ihre_Hoerner_braucht_Hoernen_die_Hoerner_was_im_Bauch_los_ist_Hannah_Arendt_Verstehen_ist_Heimat\"><\/span><span style=\"color: #3366ff;\"><strong>Das Bleibende aber stiften die Dichter und Denker<\/p>\n<p><a href=\"https:\/\/eunike.de\/?page_id=1480\"><span style=\"color: #008000;\"><em>Parsifal ~ Zum Raum wird hier die Zeit<\/em><\/span><\/a><br \/>\n<span style=\"color: #008000;\"><em>Richard Wagners B\u00fchnenweihfestspiel als Einakter<\/em><\/span><\/p>\n<p><a href=\"https:\/\/eunike.de\/?page_id=1555\"><span style=\"color: #008080;\"><em>Warum die Kuh ihre H\u00f6rner braucht<\/em><\/span><\/a><br \/>\n<span style=\"color: #008080;\">~ H\u00f6rnen die H\u00f6rner, was im Bauch los ist?<\/span><\/p>\n<p><a href=\"https:\/\/eunike.de\/?page_id=1562\"><em>Hannah Arendt<\/em> <\/a><br \/>\n~ Verstehen ist Heimat<br \/>\n<\/strong><\/span><span class=\"ez-toc-section-end\"><\/span><\/h2>\n<h2><span class=\"ez-toc-section\" id=\"Der_Widerspenstigen_Zaehmung\"><\/span><a href=\"https:\/\/eunike.de\/?page_id=345\"><span style=\"font-family: book antiqua,palatino,serif; color: #003366;\"><em><strong>Der Widerspenstigen Z\u00e4hmung<\/strong><\/em><\/span><\/a><span class=\"ez-toc-section-end\"><\/span><\/h2>\n<p><span style=\"color: #003366;\">Der Shakespeare-Klassiker in 8 rasant-rasenden Rollen<\/span><\/p>\n<h2><span class=\"ez-toc-section\" id=\"Das_Kaethchen_von_Heilbronn\"><\/span><span style=\"font-family: tahoma,arial,helvetica,sans-serif; color: #800080;\"><em><strong>Das K\u00e4thchen von Heilbronn<\/strong><\/em><\/span><span class=\"ez-toc-section-end\"><\/span><\/h2>\n<p><span style=\"color: #800080;\">Kleists Klassiker raus aus dem Kitsch!<\/span><\/p>\n<h2><span class=\"ez-toc-section\" id=\"MignonSo_lasst_mich_scheinen_bis_ich_werde\"><\/span><a href=\"https:\/\/eunike.de\/?page_id=20\"><span style=\"color: #008000;\"><em><span style=\"font-family: tahoma,arial,helvetica,sans-serif;\"><strong>Mignon~So lasst mich scheinen bis ich werde~<\/strong><\/span><\/em><\/span><\/a><span class=\"ez-toc-section-end\"><\/span><\/h2>\n<p><span style=\"color: #008000;\">Nach Goethes Wilhelm Meisters Lehrjahre mit Schubert-Vertonungen<\/span><\/p>\n<h2><span class=\"ez-toc-section\" id=\"Hoelderlin\"><\/span><span style=\"font-family: tahoma,arial,helvetica,sans-serif; color: #ff0000;\"><strong><em>H\u00f6lderlin<\/em><\/strong><\/span><span class=\"ez-toc-section-end\"><\/span><\/h2>\n<p><span style=\"color: #ff0000;\">~Wem sonst als Dir~<\/span><\/p>\n<h2><span class=\"ez-toc-section\" id=\"Jeanne-Sophie_1412-1943\"><\/span><span style=\"font-family: tahoma,arial,helvetica,sans-serif; color: #008000;\"><em><strong>Jeanne-Sophie 1412-1943<\/strong><\/em><\/span><span class=\"ez-toc-section-end\"><\/span><\/h2>\n<p>Jeanne d\u00b4Arc &amp; Sophie Scholl<\/p>\n<h2><span class=\"ez-toc-section\" id=\"Es_lebe_die_Freiheit\"><\/span><a href=\"https:\/\/eunike.de\/?page_id=14\"><span style=\"color: #008080; font-family: tahoma,arial,helvetica,sans-serif;\"><em><strong>Es lebe die Freiheit!<\/strong><\/em><\/span><\/a><span class=\"ez-toc-section-end\"><\/span><\/h2>\n<p><span style=\"color: #008080;\">~Die Wei\u00dfe Rose &amp; Traute Lafrenz<\/span><\/p>\n<h2><span class=\"ez-toc-section\" id=\"Bettine_von_Arnim_Lehrjahre_einer_Bekennerin_zur_Freiheit\"><\/span><a href=\"https:\/\/eunike.de\/?page_id=11\"><span style=\"font-family: tahoma,arial,helvetica,sans-serif;\"><em><strong>Bettine von Arnim<\/strong><\/em><\/span><\/a><br \/>\n<span style=\"color: #3366ff;\">~Lehrjahre einer Bekennerin zur Freiheit<\/span><span class=\"ez-toc-section-end\"><\/span><\/h2>\n<h2><span class=\"ez-toc-section\" id=\"Kaspar\"><\/span><a href=\"https:\/\/eunike.de\/?page_id=17\"><span style=\"font-family: tahoma,arial,helvetica,sans-serif; color: #339966;\"><em><strong>Kaspar<\/strong><\/em><\/span><\/a><span class=\"ez-toc-section-end\"><\/span><\/h2>\n<p><span style=\"color: #339966;\">Stephanie de Beauharnais \u00fcber Kaspar Hauser<\/span><\/p>\n<h2><span class=\"ez-toc-section\" id=\"Die_Brueder_Grimm\"><\/span><span style=\"font-family: tahoma,arial,helvetica,sans-serif; color: #333399;\"><em><strong>Die Br\u00fcder Grimm<\/strong><\/em><\/span><span class=\"ez-toc-section-end\"><\/span><\/h2>\n<p><span style=\"color: #333399;\">\u00dcber das Leben &amp; Werk der M\u00e4rchensammler<\/span><\/p>\n<h2><span class=\"ez-toc-section\" id=\"Lav_ju_Goethe_Die_Wahlverwandtschaften\"><\/span><span style=\"font-family: tahoma,arial,helvetica,sans-serif; color: #cc99ff;\"><em><strong>Lav ju G\u00f6the~ Die Wahlverwandtschaften<\/strong><\/em><\/span><span class=\"ez-toc-section-end\"><\/span><\/h2>\n<p><span style=\"color: #cc99ff;\">Goethes Roman von 1809 wird 2017 ein neues Gesicht erhalten!<\/span><\/p>\n<h2><span class=\"ez-toc-section\" id=\"Frida_Kahlo\"><\/span><a href=\"https:\/\/eunike.de\/?page_id=587\"><span style=\"font-family: tahoma,arial,helvetica,sans-serif; color: #008000;\"><em><strong>Frida Kahlo<\/strong><\/em><\/span><\/a><span class=\"ez-toc-section-end\"><\/span><\/h2>\n<p><span style=\"color: #008000;\">~Ein szenisch-musikalisches Portrait der Malerin<br \/>\n<\/span><\/p>\n","protected":false},"excerpt":{"rendered":"<p>Meine Programme finden Sie beim Scrollen unter der gleichnamigen Rubrik! Hier folgt eine kurze \u00dcbersicht: Hegel und H\u00f6lderlin Das Bleibende aber stiften die Dichter und Denker Parsifal ~ Zum Raum wird hier die Zeit Richard Wagners B\u00fchnenweihfestspiel als Einakter Warum die Kuh ihre H\u00f6rner braucht ~ H\u00f6rnen die H\u00f6rner, was im Bauch los ist? Hannah [&hellip;]<\/p>\n","protected":false},"author":1,"featured_media":0,"parent":0,"menu_order":3,"comment_status":"closed","ping_status":"closed","template":"","meta":{"footnotes":""},"class_list":["post-10","page","type-page","status-publish","hentry"],"_links":{"self":[{"href":"https:\/\/eunike.de\/index.php?rest_route=\/wp\/v2\/pages\/10","targetHints":{"allow":["GET"]}}],"collection":[{"href":"https:\/\/eunike.de\/index.php?rest_route=\/wp\/v2\/pages"}],"about":[{"href":"https:\/\/eunike.de\/index.php?rest_route=\/wp\/v2\/types\/page"}],"author":[{"embeddable":true,"href":"https:\/\/eunike.de\/index.php?rest_route=\/wp\/v2\/users\/1"}],"replies":[{"embeddable":true,"href":"https:\/\/eunike.de\/index.php?rest_route=%2Fwp%2Fv2%2Fcomments&post=10"}],"version-history":[{"count":9,"href":"https:\/\/eunike.de\/index.php?rest_route=\/wp\/v2\/pages\/10\/revisions"}],"predecessor-version":[{"id":1568,"href":"https:\/\/eunike.de\/index.php?rest_route=\/wp\/v2\/pages\/10\/revisions\/1568"}],"wp:attachment":[{"href":"https:\/\/eunike.de\/index.php?rest_route=%2Fwp%2Fv2%2Fmedia&parent=10"}],"curies":[{"name":"wp","href":"https:\/\/api.w.org\/{rel}","templated":true}]}}